{"id":4352,"date":"2021-02-15T21:51:13","date_gmt":"2021-02-15T21:51:13","guid":{"rendered":"https:\/\/creamycreation.com\/conditions-generales-dutilisation\/"},"modified":"2024-03-19T12:08:14","modified_gmt":"2024-03-19T12:08:14","slug":"conditions-generales-dutilisation","status":"publish","type":"page","link":"https:\/\/creamycreation.com\/fr\/conditions-generales-dutilisation\/","title":{"rendered":"Conditions g\u00e9n\u00e9rales d&rsquo;utilisation"},"content":{"rendered":"<h2>Conditions g\u00e9n\u00e9rales d&rsquo;achat<\/h2>\n<ul>\n<li><a href=\"https:\/\/creamycreation.com\/wp-content\/uploads\/2021\/07\/20210501-Creamy-Creation-B.V.-General-Terms-and-Conditions-of-Purchase.pdf\" target=\"_blank\" rel=\"noopener\">Conditions g\u00e9n\u00e9rales d&rsquo;achat FR<\/a><\/li>\n<li><a href=\"https:\/\/creamycreation.com\/wp-content\/uploads\/2021\/07\/20210501-Creamy-Creation-B.V.-Algemene-Inkoopvoorwaarden.pdf\" target=\"_blank\" rel=\"noopener\">Conditions g\u00e9n\u00e9rales de vente NL<\/a><\/li>\n<\/ul>\n<p>&nbsp;<\/p>\n<hr>\n<h2>Conditions g\u00e9n\u00e9rales de vente<\/h2>\n<p><strong>Pour les clients d&rsquo;Am\u00e9rique du Nord :<\/strong><\/p>\n<ul>\n<li><a href=\"https:\/\/creamycreation.com\/wp-content\/uploads\/2021\/06\/Terms-Conditions-Creamy-Creation-LLC-English.pdf\" target=\"_blank\" rel=\"noopener\">Conditions g\u00e9n\u00e9rales de vente Creamy Creation LLC FR<\/a><\/li>\n<\/ul>\n<p>&nbsp;<\/p>\n<p><strong>Pour les clients en Europe, en Asie, en Afrique, en Am\u00e9rique du Sud et en Oc\u00e9anie :<\/strong><\/p>\n<ul>\n<li><a href=\"https:\/\/creamycreation.com\/wp-content\/uploads\/2021\/06\/20210501-Creamy-Creation-B.V.-General-Terms-and-Conditions-of-Sale.pdf\" target=\"_blank\" rel=\"noopener\">Conditions g\u00e9n\u00e9rales de vente Creamy Creation B.V. FR<\/a><\/li>\n<li><a href=\"https:\/\/creamycreation.com\/wp-content\/uploads\/2021\/06\/20210501-Creamy-Creation-B.V.-Algemene-Verkoopvoorwaarden.pdf\" target=\"_blank\" rel=\"noopener\">Algemene Verkoopvoorwaarden Creamy Creation B.V. NL<\/a><\/li>\n<li><a href=\"https:\/\/creamycreation.com\/wp-content\/uploads\/2021\/06\/20210501-Creamy-Creation-B.V.-Allgemeine-Verkaufsbedingungen.pdf\" target=\"_blank\" rel=\"noopener\">Allgemeine Verkaufsbedingungen Creamy Creation B.V. DE<\/a><\/li>\n<li><a href=\"https:\/\/creamycreation.com\/wp-content\/uploads\/2021\/06\/20210501-Creamy-Creation-B.V.-Terminos-y-Condiciones-Generales-de-Venta.pdf\">T\u00e9rminos y Condiciones Generales de Venta Creamy Creation B.V. ES<\/a><\/li>\n<\/ul>\n<p>&nbsp;<\/p>\n<hr \/>\n<h2>Privacy &amp; Cookiestatement<\/h2>\n<ul>\n<li><a href=\"https:\/\/creamycreation.com\/wp-content\/uploads\/2024\/03\/Privacy-Cookiestatement-Website-CreamyCreation-Dutch.pdf\">Privacy en cookieverklaring &#8211; NL<\/a><\/li>\n<\/ul>\n","protected":false},"excerpt":{"rendered":"<p>Conditions g\u00e9n\u00e9rales d&rsquo;achat Conditions g\u00e9n\u00e9rales d&rsquo;achat FR Conditions g\u00e9n\u00e9rales de vente NL &nbsp; Conditions g\u00e9n\u00e9rales de vente Pour les clients&#8230;<\/p>\n","protected":false},"author":2,"featured_media":0,"parent":0,"menu_order":0,"comment_status":"closed","ping_status":"closed","template":"","meta":{"_acf_changed":false,"inline_featured_image":false,"footnotes":""},"class_list":["post-4352","page","type-page","status-publish","hentry"],"acf":[],"yoast_head":"<!-- This site is optimized with the Yoast SEO plugin v27.4 - https:\/\/yoast.com\/product\/yoast-seo-wordpress\/ -->\n<title>Conditions g\u00e9n\u00e9rales d&#039;utilisation - Creamy Creation<\/title>\n<meta name=\"robots\" content=\"index, follow, max-snippet:-1, max-image-preview:large, max-video-preview:-1\" \/>\n<link rel=\"canonical\" href=\"https:\/\/creamycreation.com\/fr\/conditions-generales-dutilisation\/\" \/>\n<meta property=\"og:locale\" content=\"fr_FR\" \/>\n<meta property=\"og:type\" content=\"article\" \/>\n<meta property=\"og:title\" content=\"Conditions g\u00e9n\u00e9rales d&#039;utilisation - Creamy Creation\" \/>\n<meta property=\"og:description\" content=\"Conditions g\u00e9n\u00e9rales d&rsquo;achat Conditions g\u00e9n\u00e9rales d&rsquo;achat FR Conditions g\u00e9n\u00e9rales de vente NL &nbsp; Conditions g\u00e9n\u00e9rales de vente Pour les clients...\" \/>\n<meta property=\"og:url\" content=\"https:\/\/creamycreation.com\/fr\/conditions-generales-dutilisation\/\" \/>\n<meta property=\"og:site_name\" content=\"Creamy Creation\" \/>\n<meta property=\"article:publisher\" content=\"https:\/\/www.facebook.com\/CreamyCreationPage\" \/>\n<meta property=\"article:modified_time\" content=\"2024-03-19T12:08:14+00:00\" \/>\n<meta name=\"twitter:card\" content=\"summary_large_image\" \/>\n<meta name=\"twitter:label1\" content=\"Dur\u00e9e de lecture estim\u00e9e\" \/>\n\t<meta name=\"twitter:data1\" content=\"1 minute\" \/>\n<script type=\"application\/ld+json\" class=\"yoast-schema-graph\">{\"@context\":\"https:\\\/\\\/schema.org\",\"@graph\":[{\"@type\":\"WebPage\",\"@id\":\"https:\\\/\\\/creamycreation.com\\\/fr\\\/conditions-generales-dutilisation\\\/\",\"url\":\"https:\\\/\\\/creamycreation.com\\\/fr\\\/conditions-generales-dutilisation\\\/\",\"name\":\"Conditions g\u00e9n\u00e9rales d'utilisation - Creamy Creation\",\"isPartOf\":{\"@id\":\"https:\\\/\\\/creamycreation.com\\\/fr\\\/#website\"},\"datePublished\":\"2021-02-15T21:51:13+00:00\",\"dateModified\":\"2024-03-19T12:08:14+00:00\",\"breadcrumb\":{\"@id\":\"https:\\\/\\\/creamycreation.com\\\/fr\\\/conditions-generales-dutilisation\\\/#breadcrumb\"},\"inLanguage\":\"fr-FR\",\"potentialAction\":[{\"@type\":\"ReadAction\",\"target\":[\"https:\\\/\\\/creamycreation.com\\\/fr\\\/conditions-generales-dutilisation\\\/\"]}]},{\"@type\":\"BreadcrumbList\",\"@id\":\"https:\\\/\\\/creamycreation.com\\\/fr\\\/conditions-generales-dutilisation\\\/#breadcrumb\",\"itemListElement\":[{\"@type\":\"ListItem\",\"position\":1,\"name\":\"Home\",\"item\":\"https:\\\/\\\/creamycreation.com\\\/fr\\\/home\\\/\"},{\"@type\":\"ListItem\",\"position\":2,\"name\":\"Conditions g\u00e9n\u00e9rales d&#8217;utilisation\"}]},{\"@type\":\"WebSite\",\"@id\":\"https:\\\/\\\/creamycreation.com\\\/fr\\\/#website\",\"url\":\"https:\\\/\\\/creamycreation.com\\\/fr\\\/\",\"name\":\"Creamy Creation\",\"description\":\"Emulsified Beverage Solutions\",\"publisher\":{\"@id\":\"https:\\\/\\\/creamycreation.com\\\/fr\\\/#organization\"},\"potentialAction\":[{\"@type\":\"SearchAction\",\"target\":{\"@type\":\"EntryPoint\",\"urlTemplate\":\"https:\\\/\\\/creamycreation.com\\\/fr\\\/?s={search_term_string}\"},\"query-input\":{\"@type\":\"PropertyValueSpecification\",\"valueRequired\":true,\"valueName\":\"search_term_string\"}}],\"inLanguage\":\"fr-FR\"},{\"@type\":\"Organization\",\"@id\":\"https:\\\/\\\/creamycreation.com\\\/fr\\\/#organization\",\"name\":\"Creamy Creation\",\"url\":\"https:\\\/\\\/creamycreation.com\\\/fr\\\/\",\"logo\":{\"@type\":\"ImageObject\",\"inLanguage\":\"fr-FR\",\"@id\":\"https:\\\/\\\/creamycreation.com\\\/fr\\\/#\\\/schema\\\/logo\\\/image\\\/\",\"url\":\"https:\\\/\\\/creamycreation.com\\\/wp-content\\\/uploads\\\/2020\\\/09\\\/Creamy_Creation_Favicon.jpg\",\"contentUrl\":\"https:\\\/\\\/creamycreation.com\\\/wp-content\\\/uploads\\\/2020\\\/09\\\/Creamy_Creation_Favicon.jpg\",\"width\":686,\"height\":686,\"caption\":\"Creamy Creation\"},\"image\":{\"@id\":\"https:\\\/\\\/creamycreation.com\\\/fr\\\/#\\\/schema\\\/logo\\\/image\\\/\"},\"sameAs\":[\"https:\\\/\\\/www.facebook.com\\\/CreamyCreationPage\"]}]}<\/script>\n<!-- \/ Yoast SEO plugin. -->","yoast_head_json":{"title":"Conditions g\u00e9n\u00e9rales d'utilisation - Creamy Creation","robots":{"index":"index","follow":"follow","max-snippet":"max-snippet:-1","max-image-preview":"max-image-preview:large","max-video-preview":"max-video-preview:-1"},"canonical":"https:\/\/creamycreation.com\/fr\/conditions-generales-dutilisation\/","og_locale":"fr_FR","og_type":"article","og_title":"Conditions g\u00e9n\u00e9rales d'utilisation - Creamy Creation","og_description":"Conditions g\u00e9n\u00e9rales d&rsquo;achat Conditions g\u00e9n\u00e9rales d&rsquo;achat FR Conditions g\u00e9n\u00e9rales de vente NL &nbsp; Conditions g\u00e9n\u00e9rales de vente Pour les clients...","og_url":"https:\/\/creamycreation.com\/fr\/conditions-generales-dutilisation\/","og_site_name":"Creamy Creation","article_publisher":"https:\/\/www.facebook.com\/CreamyCreationPage","article_modified_time":"2024-03-19T12:08:14+00:00","twitter_card":"summary_large_image","twitter_misc":{"Dur\u00e9e de lecture estim\u00e9e":"1 minute"},"schema":{"@context":"https:\/\/schema.org","@graph":[{"@type":"WebPage","@id":"https:\/\/creamycreation.com\/fr\/conditions-generales-dutilisation\/","url":"https:\/\/creamycreation.com\/fr\/conditions-generales-dutilisation\/","name":"Conditions g\u00e9n\u00e9rales d'utilisation - Creamy Creation","isPartOf":{"@id":"https:\/\/creamycreation.com\/fr\/#website"},"datePublished":"2021-02-15T21:51:13+00:00","dateModified":"2024-03-19T12:08:14+00:00","breadcrumb":{"@id":"https:\/\/creamycreation.com\/fr\/conditions-generales-dutilisation\/#breadcrumb"},"inLanguage":"fr-FR","potentialAction":[{"@type":"ReadAction","target":["https:\/\/creamycreation.com\/fr\/conditions-generales-dutilisation\/"]}]},{"@type":"BreadcrumbList","@id":"https:\/\/creamycreation.com\/fr\/conditions-generales-dutilisation\/#breadcrumb","itemListElement":[{"@type":"ListItem","position":1,"name":"Home","item":"https:\/\/creamycreation.com\/fr\/home\/"},{"@type":"ListItem","position":2,"name":"Conditions g\u00e9n\u00e9rales d&#8217;utilisation"}]},{"@type":"WebSite","@id":"https:\/\/creamycreation.com\/fr\/#website","url":"https:\/\/creamycreation.com\/fr\/","name":"Creamy Creation","description":"Emulsified Beverage Solutions","publisher":{"@id":"https:\/\/creamycreation.com\/fr\/#organization"},"potentialAction":[{"@type":"SearchAction","target":{"@type":"EntryPoint","urlTemplate":"https:\/\/creamycreation.com\/fr\/?s={search_term_string}"},"query-input":{"@type":"PropertyValueSpecification","valueRequired":true,"valueName":"search_term_string"}}],"inLanguage":"fr-FR"},{"@type":"Organization","@id":"https:\/\/creamycreation.com\/fr\/#organization","name":"Creamy Creation","url":"https:\/\/creamycreation.com\/fr\/","logo":{"@type":"ImageObject","inLanguage":"fr-FR","@id":"https:\/\/creamycreation.com\/fr\/#\/schema\/logo\/image\/","url":"https:\/\/creamycreation.com\/wp-content\/uploads\/2020\/09\/Creamy_Creation_Favicon.jpg","contentUrl":"https:\/\/creamycreation.com\/wp-content\/uploads\/2020\/09\/Creamy_Creation_Favicon.jpg","width":686,"height":686,"caption":"Creamy Creation"},"image":{"@id":"https:\/\/creamycreation.com\/fr\/#\/schema\/logo\/image\/"},"sameAs":["https:\/\/www.facebook.com\/CreamyCreationPage"]}]}},"_links":{"self":[{"href":"https:\/\/creamycreation.com\/fr\/wp-json\/wp\/v2\/pages\/4352","targetHints":{"allow":["GET"]}}],"collection":[{"href":"https:\/\/creamycreation.com\/fr\/wp-json\/wp\/v2\/pages"}],"about":[{"href":"https:\/\/creamycreation.com\/fr\/wp-json\/wp\/v2\/types\/page"}],"author":[{"embeddable":true,"href":"https:\/\/creamycreation.com\/fr\/wp-json\/wp\/v2\/users\/2"}],"replies":[{"embeddable":true,"href":"https:\/\/creamycreation.com\/fr\/wp-json\/wp\/v2\/comments?post=4352"}],"version-history":[{"count":1,"href":"https:\/\/creamycreation.com\/fr\/wp-json\/wp\/v2\/pages\/4352\/revisions"}],"predecessor-version":[{"id":9407,"href":"https:\/\/creamycreation.com\/fr\/wp-json\/wp\/v2\/pages\/4352\/revisions\/9407"}],"wp:attachment":[{"href":"https:\/\/creamycreation.com\/fr\/wp-json\/wp\/v2\/media?parent=4352"}],"curies":[{"name":"wp","href":"https:\/\/api.w.org\/{rel}","templated":true}]}}