{"id":4330,"date":"2020-11-05T14:50:18","date_gmt":"2020-11-05T14:50:18","guid":{"rendered":"https:\/\/creamycreation.com\/politique-en-matiere-de-cookies\/"},"modified":"2020-11-05T14:50:18","modified_gmt":"2020-11-05T14:50:18","slug":"politique-en-matiere-de-cookies","status":"publish","type":"page","link":"https:\/\/creamycreation.com\/fr\/politique-en-matiere-de-cookies\/","title":{"rendered":"Politique en mati\u00e8re de cookies"},"content":{"rendered":"<h2>Politique en mati\u00e8re de cookies de cr\u00e9ation cr\u00e9meuse<\/h2>\n<p>Chez Creamy Creation, nous nous sentons responsables de la protection de vos donn\u00e9es et de la sauvegarde de votre vie priv\u00e9e. Nous sommes convaincus de l&rsquo;importance de maintenir nos services transparents, personnels et fiables. C&rsquo;est pourquoi nous avons \u00e9labor\u00e9 cette politique de cookies de Creamy Creation afin d&rsquo;expliquer pourquoi nous utilisons des cookies et comment nous les utilisons. Nous vous invitons \u00e0 vous familiariser avec cette politique en mati\u00e8re de cookies.<\/p>\n<p><strong>1. Quand cette politique en mati\u00e8re de cookies s&rsquo;applique-t-elle ?<\/strong><\/p>\n<p>Cette politique en mati\u00e8re de cookies s&rsquo;applique \u00e0 tous les sites Web de Creamy Creation qui visent le march\u00e9 n\u00e9erlandais et qui contiennent des cookies ou des techniques similaires. Vous pouvez en savoir plus sur Creamy Creation, nos bureaux, nos marques et nos services sur www.creamycreation.com. Vous trouverez plus de d\u00e9tails sur nos sites web dans le chapitre \u00ab\u00a0Quels sont les cookies que nous utilisons\u00a0\u00bb ci-dessous.<\/p>\n<p><strong>2. Que sont les cookies ?<\/strong><\/p>\n<p>Les cookies sont de petits fichiers de donn\u00e9es que votre navigateur place sur votre ordinateur ou votre appareil mobile. Les cookies aident votre navigateur \u00e0 naviguer sur nos sites web.<br \/>\nIl existe plusieurs types de cookies, allant des cookies qui m\u00e9morisent vos pr\u00e9f\u00e9rences linguistiques aux cookies publicitaires. Nous les utilisons \u00e0 des fins diverses. Certains des cookies que nous utilisons sont des cookies de session et ne durent que jusqu&rsquo;\u00e0 ce que vous fermiez votre navigateur, d&rsquo;autres sont des cookies persistants qui sont stock\u00e9s sur votre ordinateur pendant une p\u00e9riode plus longue. Les cookies eux-m\u00eames ne peuvent recueillir aucune information stock\u00e9e sur votre ordinateur.<\/p>\n<p><strong>3. Pourquoi utilisons-nous des cookies ?<\/strong><\/p>\n<p>Les cookies nous aident \u00e0 am\u00e9liorer nos sites web. Nous utilisons des cookies pour en savoir plus sur la mani\u00e8re dont vous interagissez avec les sites web et les applications de Creamy Creation. Les cookies m\u00e9morisent par exemple le type de navigateur que vous utilisez et les logiciels de navigation suppl\u00e9mentaires que vous avez install\u00e9s. Ils m\u00e9morisent \u00e9galement vos pr\u00e9f\u00e9rences, telles que la langue et la r\u00e9gion, qui restent vos param\u00e8tres par d\u00e9faut lorsque vous visitez \u00e0 nouveau le site web. Les cookies vous permettent \u00e9galement d&rsquo;\u00e9valuer les pages et de remplir des formulaires de commentaires. Nous pensons que les cookies que nous utilisons am\u00e9liorent votre exp\u00e9rience utilisateur lorsque vous visitez nos sites web.<\/p>\n<p><strong>4. Quels types de cookies utilisons-nous ?<\/strong><\/p>\n<p>Nous utilisons ces types de cookies :<\/p>\n<p>a. Cookies essentiels : ces cookies sont essentiels au fonctionnement de nos sites web et apps.<br \/>\nb. Cookies de fonctionnalit\u00e9 : ces cookies m\u00e9morisent vos pr\u00e9f\u00e9rences pour un site web, telles que la pr\u00e9f\u00e9rence linguistique, les noms d&rsquo;utilisateur ou le panier d&rsquo;achat.<br \/>\nc. Cookies de performance : ces cookies capturent des informations sur l&rsquo;utilisation du site web et de l&rsquo;application \u00e0 un niveau abstrait et sont utilis\u00e9s pour fournir des analyses et des mesures telles que le nombre de visiteurs et les pages les plus fr\u00e9quemment consult\u00e9es. Ces cookies incluent Google Analytics (voir \u00e9galement ci-dessous).<br \/>\nd. Cookies de ciblage ou de publicit\u00e9 : ces cookies sont utilis\u00e9s pour collecter des informations sur les habitudes de navigation et peuvent \u00eatre utilis\u00e9s pour personnaliser la publicit\u00e9 et le marketing. Ces cookies sont &#8211; la plupart du temps &#8211; des cookies tiers (voir 6 ci-dessous).<\/p>\n<p>Si la loi l&rsquo;exige, nous vous demanderons votre consentement avant d&rsquo;utiliser des cookies.<\/p>\n<p><strong>5. Quels sont les cookies que nous utilisons ?<\/strong><\/p>\n<p>Les cookies que nous utilisons ne sont pas les m\u00eames pour tous les sites web. Vous trouverez ici la liste la plus r\u00e9cente des cookies, des domaines, des objectifs et des p\u00e9riodes de conservation des cookies que nous utilisons.<\/p>\n<p>La liste ci-dessus sera mise \u00e0 jour r\u00e9guli\u00e8rement, mais nous ne pouvons pas garantir son exhaustivit\u00e9.<\/p>\n<p><strong>6. Utilisons-nous des cookies de tiers ?<\/strong><\/p>\n<p>Nos sites web et applications utilisent des cookies de tiers, tels que Facebook, Google, Twitter et Addthis. Ces tiers peuvent \u00eatre en mesure de surveiller votre utilisation des sites Web et des applications de Creamy Creation. Si vous cliquez, par exemple, sur les boutons des m\u00e9dias sociaux (par exemple, les \u00ab\u00a0likes\u00a0\u00bb), certaines de vos informations personnelles (telles que votre nom et le fait que vous \u00eates int\u00e9ress\u00e9 par nos produits) seront \u00e9galement visibles pour le fournisseur de m\u00e9dias sociaux et pour les visiteurs de votre page personnelle de m\u00e9dias sociaux.<\/p>\n<p>L&rsquo;utilisation de ces sites web de m\u00e9dias sociaux est couverte par les conditions (y compris la politique de confidentialit\u00e9) de la plateforme de m\u00e9dias sociaux. La pr\u00e9sente politique en mati\u00e8re de cookies ne s&rsquo;applique pas \u00e0 l&rsquo;utilisation de ces sites de m\u00e9dias sociaux. Veuillez consulter la politique de confidentialit\u00e9 de Creamy Creation pour obtenir de plus amples informations sur la mani\u00e8re dont nous traitons vos donn\u00e9es personnelles, \u00e9galement en relation avec les plateformes de m\u00e9dias sociaux.<\/p>\n<p>Nous souhaitons \u00eatre transparents et vous informer correctement sur les cookies tiers qui peuvent \u00eatre plac\u00e9s en visitant nos sites web et en utilisant nos apps. Vous trouverez ici la liste la plus r\u00e9cente des cookies, domaines, tiers et p\u00e9riodes de r\u00e9tention :<\/p>\n<p>La liste ci-dessus sera mise \u00e0 jour r\u00e9guli\u00e8rement, mais nous ne pouvons pas garantir son exhaustivit\u00e9.<\/p>\n<p><strong>7. Comment refuser ou supprimer les cookies ?<\/strong><\/p>\n<p>Il existe plusieurs moyens d&rsquo;exclure ou de minimiser l&rsquo;utilisation de cookies sur votre appareil.<br \/>\na. Si la loi l&rsquo;exige, nous vous demanderons votre consentement avant d&rsquo;utiliser des cookies. Il vous appartient d&rsquo;accepter ou de refuser.<br \/>\nb. Vous pouvez \u00e9galement choisir de rejeter ou de bloquer les cookies plac\u00e9s par Creamy Creation ou les sites web de tout fournisseur tiers en modifiant les param\u00e8tres de votre navigateur. Vous trouverez de plus amples informations dans la fonction d&rsquo;aide de votre navigateur.<br \/>\nc. Vous pouvez d\u00e9sactiver nos cookies Google Analytics en installant ce module compl\u00e9mentaire de Google dans votre navigateur : https:\/\/tools.google.com\/dlpage\/gaoptout?hl=nl.<br \/>\nd. Vous pouvez refuser les publicit\u00e9s en ligne personnalis\u00e9es diffus\u00e9es par plusieurs soci\u00e9t\u00e9s, y compris celles dont nous utilisons les cookies tiers, en visitant www.youronlinechoices.com.<\/p>\n<p>Notez toutefois que si vous refusez l&rsquo;utilisation de cookies, certaines fonctions de nos sites web peuvent ne pas fonctionner correctement.<\/p>\n<p><strong>8. Contact<\/strong><\/p>\n<p>Si vous avez des questions concernant la pr\u00e9sente politique en mati\u00e8re de cookies ou les cookies utilis\u00e9s par nos sites web, veuillez nous en faire part. Vous pouvez nous contacter en cliquant sur le lien de contact figurant sur le site web qui vous a conduit \u00e0 cette politique en mati\u00e8re de cookies.<\/p>\n<p><strong>9. Modifications de la pr\u00e9sente politique en mati\u00e8re de cookies<\/strong><\/p>\n<p>Cette politique en mati\u00e8re de cookies peut \u00eatre modifi\u00e9e occasionnellement en raison de nouveaux d\u00e9veloppements ou lorsque nos cookies changent. Creamy Creation vous conseille de lire r\u00e9guli\u00e8rement cette politique en mati\u00e8re de cookies, afin de rester au courant de tout changement.<\/p>\n<p>La pr\u00e9sente politique en mati\u00e8re de cookies a \u00e9t\u00e9 mise \u00e0 jour pour la derni\u00e8re fois le <strong>1er novembre 2019<\/strong>.<\/p>\n","protected":false},"excerpt":{"rendered":"<p>Politique en mati\u00e8re de cookies de cr\u00e9ation cr\u00e9meuse Chez Creamy Creation, nous nous sentons responsables de la protection de vos&#8230;<\/p>\n","protected":false},"author":1,"featured_media":0,"parent":0,"menu_order":0,"comment_status":"closed","ping_status":"closed","template":"","meta":{"_acf_changed":false,"inline_featured_image":false,"footnotes":""},"class_list":["post-4330","page","type-page","status-publish","hentry"],"acf":[],"yoast_head":"<!-- This site is optimized with the Yoast SEO plugin v27.4 - https:\/\/yoast.com\/product\/yoast-seo-wordpress\/ -->\n<title>Politique en mati\u00e8re de cookies - Creamy Creation<\/title>\n<meta name=\"robots\" content=\"index, follow, max-snippet:-1, max-image-preview:large, max-video-preview:-1\" \/>\n<link rel=\"canonical\" href=\"https:\/\/creamycreation.com\/fr\/politique-en-matiere-de-cookies\/\" \/>\n<meta property=\"og:locale\" content=\"fr_FR\" \/>\n<meta property=\"og:type\" content=\"article\" \/>\n<meta property=\"og:title\" content=\"Politique en mati\u00e8re de cookies - Creamy Creation\" \/>\n<meta property=\"og:description\" content=\"Politique en mati\u00e8re de cookies de cr\u00e9ation cr\u00e9meuse Chez Creamy Creation, nous nous sentons responsables de la protection de vos...\" \/>\n<meta property=\"og:url\" content=\"https:\/\/creamycreation.com\/fr\/politique-en-matiere-de-cookies\/\" \/>\n<meta property=\"og:site_name\" content=\"Creamy Creation\" \/>\n<meta property=\"article:publisher\" content=\"https:\/\/www.facebook.com\/CreamyCreationPage\" \/>\n<meta name=\"twitter:card\" content=\"summary_large_image\" \/>\n<meta name=\"twitter:label1\" content=\"Dur\u00e9e de lecture estim\u00e9e\" \/>\n\t<meta name=\"twitter:data1\" content=\"6 minutes\" \/>\n<script type=\"application\/ld+json\" class=\"yoast-schema-graph\">{\"@context\":\"https:\\\/\\\/schema.org\",\"@graph\":[{\"@type\":\"WebPage\",\"@id\":\"https:\\\/\\\/creamycreation.com\\\/fr\\\/politique-en-matiere-de-cookies\\\/\",\"url\":\"https:\\\/\\\/creamycreation.com\\\/fr\\\/politique-en-matiere-de-cookies\\\/\",\"name\":\"Politique en mati\u00e8re de cookies - Creamy Creation\",\"isPartOf\":{\"@id\":\"https:\\\/\\\/creamycreation.com\\\/fr\\\/#website\"},\"datePublished\":\"2020-11-05T14:50:18+00:00\",\"breadcrumb\":{\"@id\":\"https:\\\/\\\/creamycreation.com\\\/fr\\\/politique-en-matiere-de-cookies\\\/#breadcrumb\"},\"inLanguage\":\"fr-FR\",\"potentialAction\":[{\"@type\":\"ReadAction\",\"target\":[\"https:\\\/\\\/creamycreation.com\\\/fr\\\/politique-en-matiere-de-cookies\\\/\"]}]},{\"@type\":\"BreadcrumbList\",\"@id\":\"https:\\\/\\\/creamycreation.com\\\/fr\\\/politique-en-matiere-de-cookies\\\/#breadcrumb\",\"itemListElement\":[{\"@type\":\"ListItem\",\"position\":1,\"name\":\"Home\",\"item\":\"https:\\\/\\\/creamycreation.com\\\/fr\\\/home\\\/\"},{\"@type\":\"ListItem\",\"position\":2,\"name\":\"Politique en mati\u00e8re de cookies\"}]},{\"@type\":\"WebSite\",\"@id\":\"https:\\\/\\\/creamycreation.com\\\/fr\\\/#website\",\"url\":\"https:\\\/\\\/creamycreation.com\\\/fr\\\/\",\"name\":\"Creamy Creation\",\"description\":\"Emulsified Beverage Solutions\",\"publisher\":{\"@id\":\"https:\\\/\\\/creamycreation.com\\\/fr\\\/#organization\"},\"potentialAction\":[{\"@type\":\"SearchAction\",\"target\":{\"@type\":\"EntryPoint\",\"urlTemplate\":\"https:\\\/\\\/creamycreation.com\\\/fr\\\/?s={search_term_string}\"},\"query-input\":{\"@type\":\"PropertyValueSpecification\",\"valueRequired\":true,\"valueName\":\"search_term_string\"}}],\"inLanguage\":\"fr-FR\"},{\"@type\":\"Organization\",\"@id\":\"https:\\\/\\\/creamycreation.com\\\/fr\\\/#organization\",\"name\":\"Creamy Creation\",\"url\":\"https:\\\/\\\/creamycreation.com\\\/fr\\\/\",\"logo\":{\"@type\":\"ImageObject\",\"inLanguage\":\"fr-FR\",\"@id\":\"https:\\\/\\\/creamycreation.com\\\/fr\\\/#\\\/schema\\\/logo\\\/image\\\/\",\"url\":\"https:\\\/\\\/creamycreation.com\\\/wp-content\\\/uploads\\\/2020\\\/09\\\/Creamy_Creation_Favicon.jpg\",\"contentUrl\":\"https:\\\/\\\/creamycreation.com\\\/wp-content\\\/uploads\\\/2020\\\/09\\\/Creamy_Creation_Favicon.jpg\",\"width\":686,\"height\":686,\"caption\":\"Creamy Creation\"},\"image\":{\"@id\":\"https:\\\/\\\/creamycreation.com\\\/fr\\\/#\\\/schema\\\/logo\\\/image\\\/\"},\"sameAs\":[\"https:\\\/\\\/www.facebook.com\\\/CreamyCreationPage\"]}]}<\/script>\n<!-- \/ Yoast SEO plugin. -->","yoast_head_json":{"title":"Politique en mati\u00e8re de cookies - Creamy Creation","robots":{"index":"index","follow":"follow","max-snippet":"max-snippet:-1","max-image-preview":"max-image-preview:large","max-video-preview":"max-video-preview:-1"},"canonical":"https:\/\/creamycreation.com\/fr\/politique-en-matiere-de-cookies\/","og_locale":"fr_FR","og_type":"article","og_title":"Politique en mati\u00e8re de cookies - Creamy Creation","og_description":"Politique en mati\u00e8re de cookies de cr\u00e9ation cr\u00e9meuse Chez Creamy Creation, nous nous sentons responsables de la protection de vos...","og_url":"https:\/\/creamycreation.com\/fr\/politique-en-matiere-de-cookies\/","og_site_name":"Creamy Creation","article_publisher":"https:\/\/www.facebook.com\/CreamyCreationPage","twitter_card":"summary_large_image","twitter_misc":{"Dur\u00e9e de lecture estim\u00e9e":"6 minutes"},"schema":{"@context":"https:\/\/schema.org","@graph":[{"@type":"WebPage","@id":"https:\/\/creamycreation.com\/fr\/politique-en-matiere-de-cookies\/","url":"https:\/\/creamycreation.com\/fr\/politique-en-matiere-de-cookies\/","name":"Politique en mati\u00e8re de cookies - Creamy Creation","isPartOf":{"@id":"https:\/\/creamycreation.com\/fr\/#website"},"datePublished":"2020-11-05T14:50:18+00:00","breadcrumb":{"@id":"https:\/\/creamycreation.com\/fr\/politique-en-matiere-de-cookies\/#breadcrumb"},"inLanguage":"fr-FR","potentialAction":[{"@type":"ReadAction","target":["https:\/\/creamycreation.com\/fr\/politique-en-matiere-de-cookies\/"]}]},{"@type":"BreadcrumbList","@id":"https:\/\/creamycreation.com\/fr\/politique-en-matiere-de-cookies\/#breadcrumb","itemListElement":[{"@type":"ListItem","position":1,"name":"Home","item":"https:\/\/creamycreation.com\/fr\/home\/"},{"@type":"ListItem","position":2,"name":"Politique en mati\u00e8re de cookies"}]},{"@type":"WebSite","@id":"https:\/\/creamycreation.com\/fr\/#website","url":"https:\/\/creamycreation.com\/fr\/","name":"Creamy Creation","description":"Emulsified Beverage Solutions","publisher":{"@id":"https:\/\/creamycreation.com\/fr\/#organization"},"potentialAction":[{"@type":"SearchAction","target":{"@type":"EntryPoint","urlTemplate":"https:\/\/creamycreation.com\/fr\/?s={search_term_string}"},"query-input":{"@type":"PropertyValueSpecification","valueRequired":true,"valueName":"search_term_string"}}],"inLanguage":"fr-FR"},{"@type":"Organization","@id":"https:\/\/creamycreation.com\/fr\/#organization","name":"Creamy Creation","url":"https:\/\/creamycreation.com\/fr\/","logo":{"@type":"ImageObject","inLanguage":"fr-FR","@id":"https:\/\/creamycreation.com\/fr\/#\/schema\/logo\/image\/","url":"https:\/\/creamycreation.com\/wp-content\/uploads\/2020\/09\/Creamy_Creation_Favicon.jpg","contentUrl":"https:\/\/creamycreation.com\/wp-content\/uploads\/2020\/09\/Creamy_Creation_Favicon.jpg","width":686,"height":686,"caption":"Creamy Creation"},"image":{"@id":"https:\/\/creamycreation.com\/fr\/#\/schema\/logo\/image\/"},"sameAs":["https:\/\/www.facebook.com\/CreamyCreationPage"]}]}},"_links":{"self":[{"href":"https:\/\/creamycreation.com\/fr\/wp-json\/wp\/v2\/pages\/4330","targetHints":{"allow":["GET"]}}],"collection":[{"href":"https:\/\/creamycreation.com\/fr\/wp-json\/wp\/v2\/pages"}],"about":[{"href":"https:\/\/creamycreation.com\/fr\/wp-json\/wp\/v2\/types\/page"}],"author":[{"embeddable":true,"href":"https:\/\/creamycreation.com\/fr\/wp-json\/wp\/v2\/users\/1"}],"replies":[{"embeddable":true,"href":"https:\/\/creamycreation.com\/fr\/wp-json\/wp\/v2\/comments?post=4330"}],"version-history":[{"count":0,"href":"https:\/\/creamycreation.com\/fr\/wp-json\/wp\/v2\/pages\/4330\/revisions"}],"wp:attachment":[{"href":"https:\/\/creamycreation.com\/fr\/wp-json\/wp\/v2\/media?parent=4330"}],"curies":[{"name":"wp","href":"https:\/\/api.w.org\/{rel}","templated":true}]}}