{"id":2639,"date":"2020-11-09T15:50:56","date_gmt":"2020-11-09T15:50:56","guid":{"rendered":"https:\/\/creamycreation.com\/presentamos-nuestro-nuevo-concepto-de-bajo-contenido-en-alcohol-hard-shakes\/"},"modified":"2020-11-09T15:50:56","modified_gmt":"2020-11-09T15:50:56","slug":"presentamos-nuestro-nuevo-concepto-de-bajo-contenido-en-alcohol-hard-shakes","status":"publish","type":"page","link":"https:\/\/creamycreation.com\/es\/presentamos-nuestro-nuevo-concepto-de-bajo-contenido-en-alcohol-hard-shakes\/","title":{"rendered":"Presentamos nuestro nuevo concepto de bajo contenido en alcohol, Hard Shakes."},"content":{"rendered":"<h2>Agitando el espacio de bajo ABV<\/h2>\n<h3>A\u00f1adir sabor a las bebidas RTD bajas en calor\u00edas<\/h3>\n<p>Las bebidas RTD ligeras, refrescantes y de bajo contenido en alcohol son cada vez m\u00e1s populares entre los consumidores, debido a las tendencias de \u00abmejor para ti\u00bb y de comodidad. Creamy Creation est\u00e1 ampliando esta categor\u00eda con un concepto innovador que es bajo en alcohol y calor\u00edas, pero que es indulgente, y contiene la cantidad justa de crema y espuma.<\/p>\n<h4>\u00bfPor qu\u00e9 es interesante este concepto?<\/h4>\n<ul>\n<li>Una oferta indulgente que aprovecha las tendencias de mindful drinking y lowabv<\/li>\n<li>Las bebidas RTD han aumentado; los consumidores buscan la comodidad<\/li>\n<li>Opci\u00f3n baja en calor\u00edas que entra en la categor\u00eda de \u00abmejor para ti\u00bb.<\/li>\n<\/ul>\n<p>&nbsp;<\/p>\n<p>&nbsp;<\/p>\n<p><a href=\"https:\/\/creamycreation.com\/es\/productos\/nuevos-formatos-en-tendencias\/\"><img loading=\"lazy\" decoding=\"async\" class=\"wp-image-1120 size-large aligncenter\" src=\"https:\/\/creamycreation.com\/wp-content\/uploads\/2020\/09\/HardshakeBox_foldedcansglass_white-background-scaled-e1604501853233-1024x586.jpg\" alt=\"Caja de batidos duros con vaso y tres latas RTD\" width=\"640\" height=\"366\" srcset=\"https:\/\/creamycreation.com\/wp-content\/uploads\/2020\/09\/HardshakeBox_foldedcansglass_white-background-scaled-e1604501853233-1024x586.jpg 1024w, https:\/\/creamycreation.com\/wp-content\/uploads\/2020\/09\/HardshakeBox_foldedcansglass_white-background-scaled-e1604501853233-300x172.jpg 300w, https:\/\/creamycreation.com\/wp-content\/uploads\/2020\/09\/HardshakeBox_foldedcansglass_white-background-scaled-e1604501853233-768x440.jpg 768w, https:\/\/creamycreation.com\/wp-content\/uploads\/2020\/09\/HardshakeBox_foldedcansglass_white-background-scaled-e1604501853233-1536x879.jpg 1536w, https:\/\/creamycreation.com\/wp-content\/uploads\/2020\/09\/HardshakeBox_foldedcansglass_white-background-scaled-e1604501853233.jpg 1829w\" sizes=\"auto, (max-width: 640px) 100vw, 640px\" \/><\/a><\/p>\n<p><img loading=\"lazy\" decoding=\"async\" class=\"alignnone wp-image-1189 \" src=\"https:\/\/creamycreation.com\/wp-content\/uploads\/2020\/11\/Hard-Shake-Glass-Creamy_Chai-Latte-can_02_71dpi-300x219.png\" alt=\"\" width=\"226\" height=\"165\" srcset=\"https:\/\/creamycreation.com\/wp-content\/uploads\/2020\/11\/Hard-Shake-Glass-Creamy_Chai-Latte-can_02_71dpi-300x219.png 300w, https:\/\/creamycreation.com\/wp-content\/uploads\/2020\/11\/Hard-Shake-Glass-Creamy_Chai-Latte-can_02_71dpi-1024x749.png 1024w, https:\/\/creamycreation.com\/wp-content\/uploads\/2020\/11\/Hard-Shake-Glass-Creamy_Chai-Latte-can_02_71dpi-768x562.png 768w, https:\/\/creamycreation.com\/wp-content\/uploads\/2020\/11\/Hard-Shake-Glass-Creamy_Chai-Latte-can_02_71dpi.png 1527w\" sizes=\"auto, (max-width: 226px) 100vw, 226px\" \/><img loading=\"lazy\" decoding=\"async\" class=\"alignnone wp-image-1190 \" src=\"https:\/\/creamycreation.com\/wp-content\/uploads\/2020\/11\/Hard-Shake-Glass-Creamy_DutchSilk-can_02_71dpi-300x219.png\" alt=\"\" width=\"220\" height=\"161\" srcset=\"https:\/\/creamycreation.com\/wp-content\/uploads\/2020\/11\/Hard-Shake-Glass-Creamy_DutchSilk-can_02_71dpi-300x219.png 300w, https:\/\/creamycreation.com\/wp-content\/uploads\/2020\/11\/Hard-Shake-Glass-Creamy_DutchSilk-can_02_71dpi-1024x749.png 1024w, https:\/\/creamycreation.com\/wp-content\/uploads\/2020\/11\/Hard-Shake-Glass-Creamy_DutchSilk-can_02_71dpi-768x562.png 768w, https:\/\/creamycreation.com\/wp-content\/uploads\/2020\/11\/Hard-Shake-Glass-Creamy_DutchSilk-can_02_71dpi.png 1527w\" sizes=\"auto, (max-width: 220px) 100vw, 220px\" \/><img loading=\"lazy\" decoding=\"async\" class=\"alignnone wp-image-1188 \" src=\"https:\/\/creamycreation.com\/wp-content\/uploads\/2020\/11\/Hard-Shake-Glass-Creamy_PassionFruit-can_02_71dpi-300x219.png\" alt=\"\" width=\"216\" height=\"158\" srcset=\"https:\/\/creamycreation.com\/wp-content\/uploads\/2020\/11\/Hard-Shake-Glass-Creamy_PassionFruit-can_02_71dpi-300x219.png 300w, https:\/\/creamycreation.com\/wp-content\/uploads\/2020\/11\/Hard-Shake-Glass-Creamy_PassionFruit-can_02_71dpi-1024x749.png 1024w, https:\/\/creamycreation.com\/wp-content\/uploads\/2020\/11\/Hard-Shake-Glass-Creamy_PassionFruit-can_02_71dpi-768x562.png 768w, https:\/\/creamycreation.com\/wp-content\/uploads\/2020\/11\/Hard-Shake-Glass-Creamy_PassionFruit-can_02_71dpi.png 1527w\" sizes=\"auto, (max-width: 216px) 100vw, 216px\" \/><img loading=\"lazy\" decoding=\"async\" class=\"alignnone wp-image-1191 \" src=\"https:\/\/creamycreation.com\/wp-content\/uploads\/2020\/11\/Glas-Creamy-ChocolateMilk-can_01_71dpi-300x219.png\" alt=\"\" width=\"208\" height=\"152\" srcset=\"https:\/\/creamycreation.com\/wp-content\/uploads\/2020\/11\/Glas-Creamy-ChocolateMilk-can_01_71dpi-300x219.png 300w, https:\/\/creamycreation.com\/wp-content\/uploads\/2020\/11\/Glas-Creamy-ChocolateMilk-can_01_71dpi-1024x749.png 1024w, https:\/\/creamycreation.com\/wp-content\/uploads\/2020\/11\/Glas-Creamy-ChocolateMilk-can_01_71dpi-768x562.png 768w, https:\/\/creamycreation.com\/wp-content\/uploads\/2020\/11\/Glas-Creamy-ChocolateMilk-can_01_71dpi.png 1527w\" sizes=\"auto, (max-width: 208px) 100vw, 208px\" \/><\/p>\n<p>&nbsp;<\/p>\n<p><img loading=\"lazy\" decoding=\"async\" class=\"aligncenter wp-image-1105 size-large\" src=\"https:\/\/creamycreation.com\/wp-content\/uploads\/2020\/10\/Hard-Shakes-teaser-front-1024x721.png\" alt=\"Portada de la infograf\u00eda del concepto Hard Shakes low ABV RTD\" width=\"640\" height=\"451\" srcset=\"https:\/\/creamycreation.com\/wp-content\/uploads\/2020\/10\/Hard-Shakes-teaser-front-1024x721.png 1024w, https:\/\/creamycreation.com\/wp-content\/uploads\/2020\/10\/Hard-Shakes-teaser-front-300x211.png 300w, https:\/\/creamycreation.com\/wp-content\/uploads\/2020\/10\/Hard-Shakes-teaser-front-768x541.png 768w, https:\/\/creamycreation.com\/wp-content\/uploads\/2020\/10\/Hard-Shakes-teaser-front-1536x1081.png 1536w, https:\/\/creamycreation.com\/wp-content\/uploads\/2020\/10\/Hard-Shakes-teaser-front.png 2000w\" sizes=\"auto, (max-width: 640px) 100vw, 640px\" \/><\/p>\n<p>&nbsp;<\/p>\n<p><img loading=\"lazy\" decoding=\"async\" class=\"aligncenter wp-image-1106 size-large\" src=\"https:\/\/creamycreation.com\/wp-content\/uploads\/2020\/10\/Hard-Shakes-teaser-back-1024x721.png\" alt=\"Reverso de la infograf\u00eda del concepto RTD de Hard Shakes de bajo contenido en alcohol\" width=\"640\" height=\"451\" srcset=\"https:\/\/creamycreation.com\/wp-content\/uploads\/2020\/10\/Hard-Shakes-teaser-back-1024x721.png 1024w, https:\/\/creamycreation.com\/wp-content\/uploads\/2020\/10\/Hard-Shakes-teaser-back-300x211.png 300w, https:\/\/creamycreation.com\/wp-content\/uploads\/2020\/10\/Hard-Shakes-teaser-back-768x541.png 768w, https:\/\/creamycreation.com\/wp-content\/uploads\/2020\/10\/Hard-Shakes-teaser-back-1536x1081.png 1536w, https:\/\/creamycreation.com\/wp-content\/uploads\/2020\/10\/Hard-Shakes-teaser-back.png 2000w\" sizes=\"auto, (max-width: 640px) 100vw, 640px\" \/><\/p>\n","protected":false},"excerpt":{"rendered":"<p>Agitando el espacio de bajo ABV A\u00f1adir sabor a las bebidas RTD bajas en calor\u00edas Las bebidas RTD ligeras, refrescantes&#8230;<\/p>\n","protected":false},"author":2,"featured_media":2590,"parent":0,"menu_order":0,"comment_status":"closed","ping_status":"closed","template":"","meta":{"_acf_changed":false,"inline_featured_image":false,"footnotes":""},"class_list":["post-2639","page","type-page","status-publish","has-post-thumbnail","hentry"],"acf":[],"yoast_head":"<!-- This site is optimized with the Yoast SEO plugin v27.4 - https:\/\/yoast.com\/product\/yoast-seo-wordpress\/ -->\n<title>Presentamos nuestro nuevo concepto de bajo contenido en alcohol, Hard Shakes. - Creamy Creation<\/title>\n<meta name=\"robots\" content=\"index, follow, max-snippet:-1, max-image-preview:large, max-video-preview:-1\" \/>\n<link rel=\"canonical\" href=\"https:\/\/creamycreation.com\/es\/presentamos-nuestro-nuevo-concepto-de-bajo-contenido-en-alcohol-hard-shakes\/\" \/>\n<meta property=\"og:locale\" content=\"es_ES\" \/>\n<meta property=\"og:type\" content=\"article\" \/>\n<meta property=\"og:title\" content=\"Presentamos nuestro nuevo concepto de bajo contenido en alcohol, Hard Shakes. - Creamy Creation\" \/>\n<meta property=\"og:description\" content=\"Agitando el espacio de bajo ABV A\u00f1adir sabor a las bebidas RTD bajas en calor\u00edas Las bebidas RTD ligeras, refrescantes...\" \/>\n<meta property=\"og:url\" content=\"https:\/\/creamycreation.com\/es\/presentamos-nuestro-nuevo-concepto-de-bajo-contenido-en-alcohol-hard-shakes\/\" \/>\n<meta property=\"og:site_name\" content=\"Creamy Creation\" \/>\n<meta property=\"article:publisher\" content=\"https:\/\/www.facebook.com\/CreamyCreationPage\" \/>\n<meta property=\"og:image\" content=\"https:\/\/creamycreation.com\/wp-content\/uploads\/2020\/09\/HardshakeBox_foldedcansglass_white-background-scaled-e1604501853233.jpg\" \/>\n\t<meta property=\"og:image:width\" content=\"1829\" \/>\n\t<meta property=\"og:image:height\" content=\"1047\" \/>\n\t<meta property=\"og:image:type\" content=\"image\/jpeg\" \/>\n<meta name=\"twitter:card\" content=\"summary_large_image\" \/>\n<meta name=\"twitter:label1\" content=\"Tiempo de lectura\" \/>\n\t<meta name=\"twitter:data1\" content=\"1 minuto\" \/>\n<script type=\"application\/ld+json\" class=\"yoast-schema-graph\">{\"@context\":\"https:\\\/\\\/schema.org\",\"@graph\":[{\"@type\":\"WebPage\",\"@id\":\"https:\\\/\\\/creamycreation.com\\\/es\\\/presentamos-nuestro-nuevo-concepto-de-bajo-contenido-en-alcohol-hard-shakes\\\/\",\"url\":\"https:\\\/\\\/creamycreation.com\\\/es\\\/presentamos-nuestro-nuevo-concepto-de-bajo-contenido-en-alcohol-hard-shakes\\\/\",\"name\":\"Presentamos nuestro nuevo concepto de bajo contenido en alcohol, Hard Shakes. - Creamy Creation\",\"isPartOf\":{\"@id\":\"https:\\\/\\\/creamycreation.com\\\/es\\\/#website\"},\"primaryImageOfPage\":{\"@id\":\"https:\\\/\\\/creamycreation.com\\\/es\\\/presentamos-nuestro-nuevo-concepto-de-bajo-contenido-en-alcohol-hard-shakes\\\/#primaryimage\"},\"image\":{\"@id\":\"https:\\\/\\\/creamycreation.com\\\/es\\\/presentamos-nuestro-nuevo-concepto-de-bajo-contenido-en-alcohol-hard-shakes\\\/#primaryimage\"},\"thumbnailUrl\":\"https:\\\/\\\/creamycreation.com\\\/wp-content\\\/uploads\\\/2020\\\/09\\\/HardshakeBox_foldedcansglass_white-background-scaled-e1604501853233.jpg\",\"datePublished\":\"2020-11-09T15:50:56+00:00\",\"breadcrumb\":{\"@id\":\"https:\\\/\\\/creamycreation.com\\\/es\\\/presentamos-nuestro-nuevo-concepto-de-bajo-contenido-en-alcohol-hard-shakes\\\/#breadcrumb\"},\"inLanguage\":\"es\",\"potentialAction\":[{\"@type\":\"ReadAction\",\"target\":[\"https:\\\/\\\/creamycreation.com\\\/es\\\/presentamos-nuestro-nuevo-concepto-de-bajo-contenido-en-alcohol-hard-shakes\\\/\"]}]},{\"@type\":\"ImageObject\",\"inLanguage\":\"es\",\"@id\":\"https:\\\/\\\/creamycreation.com\\\/es\\\/presentamos-nuestro-nuevo-concepto-de-bajo-contenido-en-alcohol-hard-shakes\\\/#primaryimage\",\"url\":\"https:\\\/\\\/creamycreation.com\\\/wp-content\\\/uploads\\\/2020\\\/09\\\/HardshakeBox_foldedcansglass_white-background-scaled-e1604501853233.jpg\",\"contentUrl\":\"https:\\\/\\\/creamycreation.com\\\/wp-content\\\/uploads\\\/2020\\\/09\\\/HardshakeBox_foldedcansglass_white-background-scaled-e1604501853233.jpg\",\"width\":1829,\"height\":1047,\"caption\":\"Caja de batidos duros con vaso y tres latas RTD\"},{\"@type\":\"BreadcrumbList\",\"@id\":\"https:\\\/\\\/creamycreation.com\\\/es\\\/presentamos-nuestro-nuevo-concepto-de-bajo-contenido-en-alcohol-hard-shakes\\\/#breadcrumb\",\"itemListElement\":[{\"@type\":\"ListItem\",\"position\":1,\"name\":\"Home\",\"item\":\"https:\\\/\\\/creamycreation.com\\\/es\\\/home\\\/\"},{\"@type\":\"ListItem\",\"position\":2,\"name\":\"Presentamos nuestro nuevo concepto de bajo contenido en alcohol, Hard Shakes.\"}]},{\"@type\":\"WebSite\",\"@id\":\"https:\\\/\\\/creamycreation.com\\\/es\\\/#website\",\"url\":\"https:\\\/\\\/creamycreation.com\\\/es\\\/\",\"name\":\"Creamy Creation\",\"description\":\"Emulsified Beverage Solutions\",\"publisher\":{\"@id\":\"https:\\\/\\\/creamycreation.com\\\/es\\\/#organization\"},\"potentialAction\":[{\"@type\":\"SearchAction\",\"target\":{\"@type\":\"EntryPoint\",\"urlTemplate\":\"https:\\\/\\\/creamycreation.com\\\/es\\\/?s={search_term_string}\"},\"query-input\":{\"@type\":\"PropertyValueSpecification\",\"valueRequired\":true,\"valueName\":\"search_term_string\"}}],\"inLanguage\":\"es\"},{\"@type\":\"Organization\",\"@id\":\"https:\\\/\\\/creamycreation.com\\\/es\\\/#organization\",\"name\":\"Creamy Creation\",\"url\":\"https:\\\/\\\/creamycreation.com\\\/es\\\/\",\"logo\":{\"@type\":\"ImageObject\",\"inLanguage\":\"es\",\"@id\":\"https:\\\/\\\/creamycreation.com\\\/es\\\/#\\\/schema\\\/logo\\\/image\\\/\",\"url\":\"https:\\\/\\\/creamycreation.com\\\/wp-content\\\/uploads\\\/2020\\\/09\\\/Creamy_Creation_Favicon.jpg\",\"contentUrl\":\"https:\\\/\\\/creamycreation.com\\\/wp-content\\\/uploads\\\/2020\\\/09\\\/Creamy_Creation_Favicon.jpg\",\"width\":686,\"height\":686,\"caption\":\"Creamy Creation\"},\"image\":{\"@id\":\"https:\\\/\\\/creamycreation.com\\\/es\\\/#\\\/schema\\\/logo\\\/image\\\/\"},\"sameAs\":[\"https:\\\/\\\/www.facebook.com\\\/CreamyCreationPage\"]}]}<\/script>\n<!-- \/ Yoast SEO plugin. -->","yoast_head_json":{"title":"Presentamos nuestro nuevo concepto de bajo contenido en alcohol, Hard Shakes. - Creamy Creation","robots":{"index":"index","follow":"follow","max-snippet":"max-snippet:-1","max-image-preview":"max-image-preview:large","max-video-preview":"max-video-preview:-1"},"canonical":"https:\/\/creamycreation.com\/es\/presentamos-nuestro-nuevo-concepto-de-bajo-contenido-en-alcohol-hard-shakes\/","og_locale":"es_ES","og_type":"article","og_title":"Presentamos nuestro nuevo concepto de bajo contenido en alcohol, Hard Shakes. - Creamy Creation","og_description":"Agitando el espacio de bajo ABV A\u00f1adir sabor a las bebidas RTD bajas en calor\u00edas Las bebidas RTD ligeras, refrescantes...","og_url":"https:\/\/creamycreation.com\/es\/presentamos-nuestro-nuevo-concepto-de-bajo-contenido-en-alcohol-hard-shakes\/","og_site_name":"Creamy Creation","article_publisher":"https:\/\/www.facebook.com\/CreamyCreationPage","og_image":[{"width":1829,"height":1047,"url":"https:\/\/creamycreation.com\/wp-content\/uploads\/2020\/09\/HardshakeBox_foldedcansglass_white-background-scaled-e1604501853233.jpg","type":"image\/jpeg"}],"twitter_card":"summary_large_image","twitter_misc":{"Tiempo de lectura":"1 minuto"},"schema":{"@context":"https:\/\/schema.org","@graph":[{"@type":"WebPage","@id":"https:\/\/creamycreation.com\/es\/presentamos-nuestro-nuevo-concepto-de-bajo-contenido-en-alcohol-hard-shakes\/","url":"https:\/\/creamycreation.com\/es\/presentamos-nuestro-nuevo-concepto-de-bajo-contenido-en-alcohol-hard-shakes\/","name":"Presentamos nuestro nuevo concepto de bajo contenido en alcohol, Hard Shakes. - Creamy Creation","isPartOf":{"@id":"https:\/\/creamycreation.com\/es\/#website"},"primaryImageOfPage":{"@id":"https:\/\/creamycreation.com\/es\/presentamos-nuestro-nuevo-concepto-de-bajo-contenido-en-alcohol-hard-shakes\/#primaryimage"},"image":{"@id":"https:\/\/creamycreation.com\/es\/presentamos-nuestro-nuevo-concepto-de-bajo-contenido-en-alcohol-hard-shakes\/#primaryimage"},"thumbnailUrl":"https:\/\/creamycreation.com\/wp-content\/uploads\/2020\/09\/HardshakeBox_foldedcansglass_white-background-scaled-e1604501853233.jpg","datePublished":"2020-11-09T15:50:56+00:00","breadcrumb":{"@id":"https:\/\/creamycreation.com\/es\/presentamos-nuestro-nuevo-concepto-de-bajo-contenido-en-alcohol-hard-shakes\/#breadcrumb"},"inLanguage":"es","potentialAction":[{"@type":"ReadAction","target":["https:\/\/creamycreation.com\/es\/presentamos-nuestro-nuevo-concepto-de-bajo-contenido-en-alcohol-hard-shakes\/"]}]},{"@type":"ImageObject","inLanguage":"es","@id":"https:\/\/creamycreation.com\/es\/presentamos-nuestro-nuevo-concepto-de-bajo-contenido-en-alcohol-hard-shakes\/#primaryimage","url":"https:\/\/creamycreation.com\/wp-content\/uploads\/2020\/09\/HardshakeBox_foldedcansglass_white-background-scaled-e1604501853233.jpg","contentUrl":"https:\/\/creamycreation.com\/wp-content\/uploads\/2020\/09\/HardshakeBox_foldedcansglass_white-background-scaled-e1604501853233.jpg","width":1829,"height":1047,"caption":"Caja de batidos duros con vaso y tres latas RTD"},{"@type":"BreadcrumbList","@id":"https:\/\/creamycreation.com\/es\/presentamos-nuestro-nuevo-concepto-de-bajo-contenido-en-alcohol-hard-shakes\/#breadcrumb","itemListElement":[{"@type":"ListItem","position":1,"name":"Home","item":"https:\/\/creamycreation.com\/es\/home\/"},{"@type":"ListItem","position":2,"name":"Presentamos nuestro nuevo concepto de bajo contenido en alcohol, Hard Shakes."}]},{"@type":"WebSite","@id":"https:\/\/creamycreation.com\/es\/#website","url":"https:\/\/creamycreation.com\/es\/","name":"Creamy Creation","description":"Emulsified Beverage Solutions","publisher":{"@id":"https:\/\/creamycreation.com\/es\/#organization"},"potentialAction":[{"@type":"SearchAction","target":{"@type":"EntryPoint","urlTemplate":"https:\/\/creamycreation.com\/es\/?s={search_term_string}"},"query-input":{"@type":"PropertyValueSpecification","valueRequired":true,"valueName":"search_term_string"}}],"inLanguage":"es"},{"@type":"Organization","@id":"https:\/\/creamycreation.com\/es\/#organization","name":"Creamy Creation","url":"https:\/\/creamycreation.com\/es\/","logo":{"@type":"ImageObject","inLanguage":"es","@id":"https:\/\/creamycreation.com\/es\/#\/schema\/logo\/image\/","url":"https:\/\/creamycreation.com\/wp-content\/uploads\/2020\/09\/Creamy_Creation_Favicon.jpg","contentUrl":"https:\/\/creamycreation.com\/wp-content\/uploads\/2020\/09\/Creamy_Creation_Favicon.jpg","width":686,"height":686,"caption":"Creamy Creation"},"image":{"@id":"https:\/\/creamycreation.com\/es\/#\/schema\/logo\/image\/"},"sameAs":["https:\/\/www.facebook.com\/CreamyCreationPage"]}]}},"_links":{"self":[{"href":"https:\/\/creamycreation.com\/es\/wp-json\/wp\/v2\/pages\/2639","targetHints":{"allow":["GET"]}}],"collection":[{"href":"https:\/\/creamycreation.com\/es\/wp-json\/wp\/v2\/pages"}],"about":[{"href":"https:\/\/creamycreation.com\/es\/wp-json\/wp\/v2\/types\/page"}],"author":[{"embeddable":true,"href":"https:\/\/creamycreation.com\/es\/wp-json\/wp\/v2\/users\/2"}],"replies":[{"embeddable":true,"href":"https:\/\/creamycreation.com\/es\/wp-json\/wp\/v2\/comments?post=2639"}],"version-history":[{"count":0,"href":"https:\/\/creamycreation.com\/es\/wp-json\/wp\/v2\/pages\/2639\/revisions"}],"wp:featuredmedia":[{"embeddable":true,"href":"https:\/\/creamycreation.com\/es\/wp-json\/wp\/v2\/media\/2590"}],"wp:attachment":[{"href":"https:\/\/creamycreation.com\/es\/wp-json\/wp\/v2\/media?parent=2639"}],"curies":[{"name":"wp","href":"https:\/\/api.w.org\/{rel}","templated":true}]}}