{"id":2636,"date":"2020-11-05T14:50:30","date_gmt":"2020-11-05T14:50:30","guid":{"rendered":"https:\/\/creamycreation.com\/descargo-de-responsabilidad\/"},"modified":"2021-05-13T14:12:49","modified_gmt":"2021-05-13T14:12:49","slug":"descargo-de-responsabilidad","status":"publish","type":"page","link":"https:\/\/creamycreation.com\/es\/descargo-de-responsabilidad\/","title":{"rendered":"Descargo de responsabilidad"},"content":{"rendered":"<h2>Descargo de responsabilidad de la Creamy Creation<\/h2>\n<p>La informaci\u00f3n ofrecida en el sitio web de Creamy Creation ha sido recopilada con gran cuidado. Sin embargo, Creamy Creation no se hace responsable de ninguna consecuencia, como da\u00f1os o p\u00e9rdidas de beneficios, que se deriven del uso, la confianza o las acciones emprendidas sobre la base de la informaci\u00f3n del sitio web de Creamy Creation. Creamy Creation hace todo lo posible por mantener el sitio permanentemente disponible, pero no puede aceptar ninguna responsabilidad por las consecuencias de su no disponibilidad (temporal). Los derechos de propiedad intelectual de este sitio web pertenecen a Creamy Creation. Cualquier uso de la informaci\u00f3n de este sitio web, en cualquier forma, no est\u00e1 permitido sin el permiso expreso de Creamy Creation.<\/p>\n","protected":false},"excerpt":{"rendered":"<p>Descargo de responsabilidad de la Creamy Creation La informaci\u00f3n ofrecida en el sitio web de Creamy Creation ha sido recopilada&#8230;<\/p>\n","protected":false},"author":1,"featured_media":0,"parent":0,"menu_order":0,"comment_status":"closed","ping_status":"closed","template":"","meta":{"_acf_changed":false,"inline_featured_image":false,"footnotes":""},"class_list":["post-2636","page","type-page","status-publish","hentry"],"acf":[],"yoast_head":"<!-- This site is optimized with the Yoast SEO plugin v27.5 - https:\/\/yoast.com\/product\/yoast-seo-wordpress\/ -->\n<title>Descargo de responsabilidad - Creamy Creation<\/title>\n<meta name=\"robots\" content=\"index, follow, max-snippet:-1, max-image-preview:large, max-video-preview:-1\" \/>\n<link rel=\"canonical\" href=\"https:\/\/creamycreation.com\/es\/descargo-de-responsabilidad\/\" \/>\n<meta property=\"og:locale\" content=\"es_ES\" \/>\n<meta property=\"og:type\" content=\"article\" \/>\n<meta property=\"og:title\" content=\"Descargo de responsabilidad - Creamy Creation\" \/>\n<meta property=\"og:description\" content=\"Descargo de responsabilidad de la Creamy Creation La informaci\u00f3n ofrecida en el sitio web de Creamy Creation ha sido recopilada...\" \/>\n<meta property=\"og:url\" content=\"https:\/\/creamycreation.com\/es\/descargo-de-responsabilidad\/\" \/>\n<meta property=\"og:site_name\" content=\"Creamy Creation\" \/>\n<meta property=\"article:publisher\" content=\"https:\/\/www.facebook.com\/CreamyCreationPage\" \/>\n<meta property=\"article:modified_time\" content=\"2021-05-13T14:12:49+00:00\" \/>\n<meta name=\"twitter:card\" content=\"summary_large_image\" \/>\n<meta name=\"twitter:label1\" content=\"Tiempo de lectura\" \/>\n\t<meta name=\"twitter:data1\" content=\"1 minuto\" \/>\n<script type=\"application\/ld+json\" class=\"yoast-schema-graph\">{\"@context\":\"https:\\\/\\\/schema.org\",\"@graph\":[{\"@type\":\"WebPage\",\"@id\":\"https:\\\/\\\/creamycreation.com\\\/es\\\/descargo-de-responsabilidad\\\/\",\"url\":\"https:\\\/\\\/creamycreation.com\\\/es\\\/descargo-de-responsabilidad\\\/\",\"name\":\"Descargo de responsabilidad - Creamy Creation\",\"isPartOf\":{\"@id\":\"https:\\\/\\\/creamycreation.com\\\/es\\\/#website\"},\"datePublished\":\"2020-11-05T14:50:30+00:00\",\"dateModified\":\"2021-05-13T14:12:49+00:00\",\"breadcrumb\":{\"@id\":\"https:\\\/\\\/creamycreation.com\\\/es\\\/descargo-de-responsabilidad\\\/#breadcrumb\"},\"inLanguage\":\"es\",\"potentialAction\":[{\"@type\":\"ReadAction\",\"target\":[\"https:\\\/\\\/creamycreation.com\\\/es\\\/descargo-de-responsabilidad\\\/\"]}]},{\"@type\":\"BreadcrumbList\",\"@id\":\"https:\\\/\\\/creamycreation.com\\\/es\\\/descargo-de-responsabilidad\\\/#breadcrumb\",\"itemListElement\":[{\"@type\":\"ListItem\",\"position\":1,\"name\":\"Home\",\"item\":\"https:\\\/\\\/creamycreation.com\\\/es\\\/home\\\/\"},{\"@type\":\"ListItem\",\"position\":2,\"name\":\"Descargo de responsabilidad\"}]},{\"@type\":\"WebSite\",\"@id\":\"https:\\\/\\\/creamycreation.com\\\/es\\\/#website\",\"url\":\"https:\\\/\\\/creamycreation.com\\\/es\\\/\",\"name\":\"Creamy Creation\",\"description\":\"Emulsified Beverage Solutions\",\"publisher\":{\"@id\":\"https:\\\/\\\/creamycreation.com\\\/es\\\/#organization\"},\"potentialAction\":[{\"@type\":\"SearchAction\",\"target\":{\"@type\":\"EntryPoint\",\"urlTemplate\":\"https:\\\/\\\/creamycreation.com\\\/es\\\/?s={search_term_string}\"},\"query-input\":{\"@type\":\"PropertyValueSpecification\",\"valueRequired\":true,\"valueName\":\"search_term_string\"}}],\"inLanguage\":\"es\"},{\"@type\":\"Organization\",\"@id\":\"https:\\\/\\\/creamycreation.com\\\/es\\\/#organization\",\"name\":\"Creamy Creation\",\"url\":\"https:\\\/\\\/creamycreation.com\\\/es\\\/\",\"logo\":{\"@type\":\"ImageObject\",\"inLanguage\":\"es\",\"@id\":\"https:\\\/\\\/creamycreation.com\\\/es\\\/#\\\/schema\\\/logo\\\/image\\\/\",\"url\":\"https:\\\/\\\/creamycreation.com\\\/wp-content\\\/uploads\\\/2020\\\/09\\\/Creamy_Creation_Favicon.jpg\",\"contentUrl\":\"https:\\\/\\\/creamycreation.com\\\/wp-content\\\/uploads\\\/2020\\\/09\\\/Creamy_Creation_Favicon.jpg\",\"width\":686,\"height\":686,\"caption\":\"Creamy Creation\"},\"image\":{\"@id\":\"https:\\\/\\\/creamycreation.com\\\/es\\\/#\\\/schema\\\/logo\\\/image\\\/\"},\"sameAs\":[\"https:\\\/\\\/www.facebook.com\\\/CreamyCreationPage\"]}]}<\/script>\n<!-- \/ Yoast SEO plugin. -->","yoast_head_json":{"title":"Descargo de responsabilidad - Creamy Creation","robots":{"index":"index","follow":"follow","max-snippet":"max-snippet:-1","max-image-preview":"max-image-preview:large","max-video-preview":"max-video-preview:-1"},"canonical":"https:\/\/creamycreation.com\/es\/descargo-de-responsabilidad\/","og_locale":"es_ES","og_type":"article","og_title":"Descargo de responsabilidad - Creamy Creation","og_description":"Descargo de responsabilidad de la Creamy Creation La informaci\u00f3n ofrecida en el sitio web de Creamy Creation ha sido recopilada...","og_url":"https:\/\/creamycreation.com\/es\/descargo-de-responsabilidad\/","og_site_name":"Creamy Creation","article_publisher":"https:\/\/www.facebook.com\/CreamyCreationPage","article_modified_time":"2021-05-13T14:12:49+00:00","twitter_card":"summary_large_image","twitter_misc":{"Tiempo de lectura":"1 minuto"},"schema":{"@context":"https:\/\/schema.org","@graph":[{"@type":"WebPage","@id":"https:\/\/creamycreation.com\/es\/descargo-de-responsabilidad\/","url":"https:\/\/creamycreation.com\/es\/descargo-de-responsabilidad\/","name":"Descargo de responsabilidad - Creamy Creation","isPartOf":{"@id":"https:\/\/creamycreation.com\/es\/#website"},"datePublished":"2020-11-05T14:50:30+00:00","dateModified":"2021-05-13T14:12:49+00:00","breadcrumb":{"@id":"https:\/\/creamycreation.com\/es\/descargo-de-responsabilidad\/#breadcrumb"},"inLanguage":"es","potentialAction":[{"@type":"ReadAction","target":["https:\/\/creamycreation.com\/es\/descargo-de-responsabilidad\/"]}]},{"@type":"BreadcrumbList","@id":"https:\/\/creamycreation.com\/es\/descargo-de-responsabilidad\/#breadcrumb","itemListElement":[{"@type":"ListItem","position":1,"name":"Home","item":"https:\/\/creamycreation.com\/es\/home\/"},{"@type":"ListItem","position":2,"name":"Descargo de responsabilidad"}]},{"@type":"WebSite","@id":"https:\/\/creamycreation.com\/es\/#website","url":"https:\/\/creamycreation.com\/es\/","name":"Creamy Creation","description":"Emulsified Beverage Solutions","publisher":{"@id":"https:\/\/creamycreation.com\/es\/#organization"},"potentialAction":[{"@type":"SearchAction","target":{"@type":"EntryPoint","urlTemplate":"https:\/\/creamycreation.com\/es\/?s={search_term_string}"},"query-input":{"@type":"PropertyValueSpecification","valueRequired":true,"valueName":"search_term_string"}}],"inLanguage":"es"},{"@type":"Organization","@id":"https:\/\/creamycreation.com\/es\/#organization","name":"Creamy Creation","url":"https:\/\/creamycreation.com\/es\/","logo":{"@type":"ImageObject","inLanguage":"es","@id":"https:\/\/creamycreation.com\/es\/#\/schema\/logo\/image\/","url":"https:\/\/creamycreation.com\/wp-content\/uploads\/2020\/09\/Creamy_Creation_Favicon.jpg","contentUrl":"https:\/\/creamycreation.com\/wp-content\/uploads\/2020\/09\/Creamy_Creation_Favicon.jpg","width":686,"height":686,"caption":"Creamy Creation"},"image":{"@id":"https:\/\/creamycreation.com\/es\/#\/schema\/logo\/image\/"},"sameAs":["https:\/\/www.facebook.com\/CreamyCreationPage"]}]}},"_links":{"self":[{"href":"https:\/\/creamycreation.com\/es\/wp-json\/wp\/v2\/pages\/2636","targetHints":{"allow":["GET"]}}],"collection":[{"href":"https:\/\/creamycreation.com\/es\/wp-json\/wp\/v2\/pages"}],"about":[{"href":"https:\/\/creamycreation.com\/es\/wp-json\/wp\/v2\/types\/page"}],"author":[{"embeddable":true,"href":"https:\/\/creamycreation.com\/es\/wp-json\/wp\/v2\/users\/1"}],"replies":[{"embeddable":true,"href":"https:\/\/creamycreation.com\/es\/wp-json\/wp\/v2\/comments?post=2636"}],"version-history":[{"count":0,"href":"https:\/\/creamycreation.com\/es\/wp-json\/wp\/v2\/pages\/2636\/revisions"}],"wp:attachment":[{"href":"https:\/\/creamycreation.com\/es\/wp-json\/wp\/v2\/media?parent=2636"}],"curies":[{"name":"wp","href":"https:\/\/api.w.org\/{rel}","templated":true}]}}