{"id":2634,"date":"2020-11-05T14:50:18","date_gmt":"2020-11-05T14:50:18","guid":{"rendered":"https:\/\/creamycreation.com\/politica-de-cookies\/"},"modified":"2021-05-13T14:10:19","modified_gmt":"2021-05-13T14:10:19","slug":"politica-de-cookies","status":"publish","type":"page","link":"https:\/\/creamycreation.com\/es\/politica-de-cookies\/","title":{"rendered":"Pol\u00edtica de cookies"},"content":{"rendered":"<h2>Pol\u00edtica de galletas de creaci\u00f3n cremosa<\/h2>\n<p>En Creamy Creation nos sentimos responsables de proteger sus datos y salvaguardar su privacidad. Creemos en la importancia de que nuestros servicios sean transparentes, personales y fiables. Por lo tanto, hemos desarrollado esta pol\u00edtica de cookies de Creamy Creation para explicar por qu\u00e9 utilizamos cookies y c\u00f3mo las utilizamos. Le invitamos a familiarizarse con esta pol\u00edtica de cookies.<\/p>\n<p><strong>1. \u00bfCu\u00e1ndo se aplica esta pol\u00edtica de cookies?<\/strong><\/p>\n<p>Esta pol\u00edtica de cookies se aplica a todos los sitios web de Creamy Creation dirigidos al mercado holand\u00e9s y que contienen cookies o t\u00e9cnicas similares. Puede obtener m\u00e1s informaci\u00f3n sobre Creamy Creation, nuestras oficinas, nuestras marcas y nuestros servicios en www.creamycreation.com. Puede encontrar m\u00e1s detalles sobre nuestros sitios web en el cap\u00edtulo \u00abqu\u00e9 cookies utilizamos\u00bb m\u00e1s abajo.<\/p>\n<p><strong>2. \u00bfQu\u00e9 son las cookies?<\/strong><\/p>\n<p>Las cookies son peque\u00f1os archivos de datos que su navegador coloca en su ordenador o en su dispositivo m\u00f3vil. Las cookies ayudan a su navegador a navegar por nuestros sitios web.<br \/>\nHay varios tipos de cookies, desde las que recuerdan sus preferencias de idioma hasta las publicitarias. Los utilizamos para diversos fines. Algunas de las cookies que utilizamos son de sesi\u00f3n y s\u00f3lo duran hasta que usted cierra su navegador, otras son cookies persistentes que se almacenan en su ordenador durante un per\u00edodo de tiempo m\u00e1s largo. Las cookies por s\u00ed mismas no pueden recoger ninguna informaci\u00f3n almacenada en su ordenador.<\/p>\n<p><strong>3. \u00bfPor qu\u00e9 utilizamos cookies?<\/strong><\/p>\n<p>Las cookies nos ayudan a mejorar nuestros sitios web. Utilizamos cookies para saber m\u00e1s sobre la forma en que interact\u00faa con los sitios web y las aplicaciones de Creamy Creation. Las cookies recuerdan, por ejemplo, el tipo de navegador que utiliza y el software de navegaci\u00f3n adicional que ha instalado. Tambi\u00e9n recuerdan sus preferencias, como el idioma y la regi\u00f3n, que permanecen como configuraci\u00f3n predeterminada cuando vuelve a visitar el sitio web. Las cookies tambi\u00e9n le permiten calificar las p\u00e1ginas y rellenar los formularios de comentarios. Creemos que las cookies que utilizamos mejoran su experiencia de usuario cuando visita nuestros sitios web.<\/p>\n<p><strong>4. \u00bfQu\u00e9 tipos de cookies utilizamos?<\/strong><\/p>\n<p>Utilizamos estos tipos de cookies:<\/p>\n<p>a. Cookies esenciales: estas cookies son esenciales para el funcionamiento de nuestros sitios web y aplicaciones.<br \/>\nb. Cookies de funcionalidad: estas cookies recuerdan sus preferencias para un sitio web, como la preferencia de idioma, los nombres de usuario o la cesta de la compra.<br \/>\nc. Cookies de rendimiento: estas cookies capturan informaci\u00f3n de uso del sitio web y de la aplicaci\u00f3n a nivel abstracto y se utilizan para proporcionar an\u00e1lisis y m\u00e9tricas como el n\u00famero de visitantes y las p\u00e1ginas a las que se accede con m\u00e1s frecuencia. Estas cookies incluyen a Google Analytics (v\u00e9ase tambi\u00e9n m\u00e1s abajo).<br \/>\nd. Cookies de orientaci\u00f3n o publicidad: estas cookies se utilizan para recopilar informaci\u00f3n sobre los h\u00e1bitos de navegaci\u00f3n y pueden utilizarse para personalizar la publicidad y el marketing. Estas cookies son, en la mayor\u00eda de los casos, cookies de terceros (v\u00e9ase el punto 6).<\/p>\n<p>Si la ley lo exige, le pediremos su consentimiento antes de utilizar las cookies.<\/p>\n<p><strong>5. \u00bfQu\u00e9 cookies utilizamos?<\/strong><\/p>\n<p>Las cookies que utilizamos no son las mismas para todos los sitios web. Aqu\u00ed encontrar\u00e1 la lista m\u00e1s reciente de cookies, dominios, prop\u00f3sitos y per\u00edodos de retenci\u00f3n de las cookies que utilizamos.<\/p>\n<p>La lista anterior se actualizar\u00e1 peri\u00f3dicamente, pero no podemos garantizar que est\u00e9 completa.<\/p>\n<p><strong>6. \u00bfUtilizamos cookies de terceros?<\/strong><\/p>\n<p>Nuestros sitios web y aplicaciones utilizan cookies de terceros, como Facebook, Google, Twitter y Addthis. Estos terceros pueden supervisar el uso que usted hace de los sitios web y las aplicaciones de Creamy Creation. Si usted, por ejemplo, hace clic en los botones de las redes sociales (por ejemplo, \u00abme gusta\u00bb), parte de su informaci\u00f3n personal (como su nombre y el hecho de que est\u00e1 interesado en nuestros productos) tambi\u00e9n ser\u00e1 visible para el proveedor de las redes sociales y para los visitantes de su p\u00e1gina personal en las redes sociales.<\/p>\n<p>El uso de estos sitios web de medios sociales est\u00e1 cubierto por las condiciones (incluida la pol\u00edtica de privacidad) de la plataforma de medios sociales. Esta pol\u00edtica de cookies no se aplica al uso de dichos sitios web de medios sociales. Consulte la pol\u00edtica de privacidad de Creamy Creation para obtener m\u00e1s informaci\u00f3n sobre el tratamiento de sus datos personales, tambi\u00e9n en relaci\u00f3n con las plataformas de redes sociales.<\/p>\n<p>Nos gustar\u00eda ser transparentes e informarle adecuadamente sobre las cookies de terceros que pueden colocarse al visitar nuestros sitios web y utilizar nuestras aplicaciones. Aqu\u00ed encontrar\u00e1 la lista m\u00e1s reciente de cookies, dominios, terceros y per\u00edodos de retenci\u00f3n:<\/p>\n<p>La lista anterior se actualizar\u00e1 peri\u00f3dicamente, pero no podemos garantizar que est\u00e9 completa.<\/p>\n<p><strong>7. \u00bfC\u00f3mo se rechazan o eliminan las cookies?<\/strong><\/p>\n<p>Hay varias maneras de excluir o minimizar el uso de cookies en su dispositivo.<br \/>\na. Si la ley lo exige, le pediremos su consentimiento antes de utilizar las cookies. Depende de usted aceptar o rechazar.<br \/>\nb. Tambi\u00e9n puede optar por rechazar o bloquear las cookies instaladas por Creamy Creation o los sitios web de terceros proveedores cambiando la configuraci\u00f3n de su navegador. Puede encontrar m\u00e1s informaci\u00f3n en la funci\u00f3n de ayuda de su navegador.<br \/>\nc. Puede excluirse de nuestras cookies de Google Analytics instalando este complemento de Google en su navegador: https:\/\/tools.google.com\/dlpage\/gaoptout?hl=nl<br \/>\nd. Usted puede excluirse de los anuncios personalizados en l\u00ednea servidos por varias empresas, incluidas aquellas cuyas cookies de terceros utilizamos, visitando www.youronlinechoices.com.<\/p>\n<p>Sin embargo, tenga en cuenta que si rechaza el uso de cookies, algunas de las funciones de nuestros sitios web pueden no funcionar correctamente.<\/p>\n<p><strong>8. Contacto:<\/strong><\/p>\n<p>Si tiene alguna pregunta sobre esta pol\u00edtica de cookies o sobre las cookies que utilizan nuestros sitios web, h\u00e1ganoslo saber. Puede ponerse en contacto con nosotros haciendo clic en el enlace de contacto de la p\u00e1gina web que le ha remitido a esta pol\u00edtica de cookies.<\/p>\n<p><strong>9. Cambios en esta pol\u00edtica de cookies<\/strong><\/p>\n<p>Esta pol\u00edtica de cookies puede cambiar ocasionalmente cuando se produzcan novedades o cuando cambien nuestras cookies. Creamy Creation le aconseja que lea esta pol\u00edtica de cookies con regularidad, con el fin de mantenerse al d\u00eda sobre cualquier cambio.<\/p>\n<p>Esta pol\u00edtica de cookies fue actualizada por \u00faltima vez el <strong>1 de noviembre de 2019<\/strong>.<\/p>\n","protected":false},"excerpt":{"rendered":"<p>Pol\u00edtica de galletas de creaci\u00f3n cremosa En Creamy Creation nos sentimos responsables de proteger sus datos y salvaguardar su privacidad&#8230;.<\/p>\n","protected":false},"author":1,"featured_media":0,"parent":0,"menu_order":0,"comment_status":"closed","ping_status":"closed","template":"","meta":{"_acf_changed":false,"inline_featured_image":false,"footnotes":""},"class_list":["post-2634","page","type-page","status-publish","hentry"],"acf":[],"yoast_head":"<!-- This site is optimized with the Yoast SEO plugin v27.5 - https:\/\/yoast.com\/product\/yoast-seo-wordpress\/ -->\n<title>Pol\u00edtica de cookies - Creamy Creation<\/title>\n<meta name=\"robots\" content=\"index, follow, max-snippet:-1, max-image-preview:large, max-video-preview:-1\" \/>\n<link rel=\"canonical\" href=\"https:\/\/creamycreation.com\/es\/politica-de-cookies\/\" \/>\n<meta property=\"og:locale\" content=\"es_ES\" \/>\n<meta property=\"og:type\" content=\"article\" \/>\n<meta property=\"og:title\" content=\"Pol\u00edtica de cookies - Creamy Creation\" \/>\n<meta property=\"og:description\" content=\"Pol\u00edtica de galletas de creaci\u00f3n cremosa En Creamy Creation nos sentimos responsables de proteger sus datos y salvaguardar su privacidad....\" \/>\n<meta property=\"og:url\" content=\"https:\/\/creamycreation.com\/es\/politica-de-cookies\/\" \/>\n<meta property=\"og:site_name\" content=\"Creamy Creation\" \/>\n<meta property=\"article:publisher\" content=\"https:\/\/www.facebook.com\/CreamyCreationPage\" \/>\n<meta property=\"article:modified_time\" content=\"2021-05-13T14:10:19+00:00\" \/>\n<meta name=\"twitter:card\" content=\"summary_large_image\" \/>\n<meta name=\"twitter:label1\" content=\"Tiempo de lectura\" \/>\n\t<meta name=\"twitter:data1\" content=\"6 minutos\" \/>\n<script type=\"application\/ld+json\" class=\"yoast-schema-graph\">{\"@context\":\"https:\\\/\\\/schema.org\",\"@graph\":[{\"@type\":\"WebPage\",\"@id\":\"https:\\\/\\\/creamycreation.com\\\/es\\\/politica-de-cookies\\\/\",\"url\":\"https:\\\/\\\/creamycreation.com\\\/es\\\/politica-de-cookies\\\/\",\"name\":\"Pol\u00edtica de cookies - Creamy Creation\",\"isPartOf\":{\"@id\":\"https:\\\/\\\/creamycreation.com\\\/es\\\/#website\"},\"datePublished\":\"2020-11-05T14:50:18+00:00\",\"dateModified\":\"2021-05-13T14:10:19+00:00\",\"breadcrumb\":{\"@id\":\"https:\\\/\\\/creamycreation.com\\\/es\\\/politica-de-cookies\\\/#breadcrumb\"},\"inLanguage\":\"es\",\"potentialAction\":[{\"@type\":\"ReadAction\",\"target\":[\"https:\\\/\\\/creamycreation.com\\\/es\\\/politica-de-cookies\\\/\"]}]},{\"@type\":\"BreadcrumbList\",\"@id\":\"https:\\\/\\\/creamycreation.com\\\/es\\\/politica-de-cookies\\\/#breadcrumb\",\"itemListElement\":[{\"@type\":\"ListItem\",\"position\":1,\"name\":\"Home\",\"item\":\"https:\\\/\\\/creamycreation.com\\\/es\\\/home\\\/\"},{\"@type\":\"ListItem\",\"position\":2,\"name\":\"Pol\u00edtica de cookies\"}]},{\"@type\":\"WebSite\",\"@id\":\"https:\\\/\\\/creamycreation.com\\\/es\\\/#website\",\"url\":\"https:\\\/\\\/creamycreation.com\\\/es\\\/\",\"name\":\"Creamy Creation\",\"description\":\"Emulsified Beverage Solutions\",\"publisher\":{\"@id\":\"https:\\\/\\\/creamycreation.com\\\/es\\\/#organization\"},\"potentialAction\":[{\"@type\":\"SearchAction\",\"target\":{\"@type\":\"EntryPoint\",\"urlTemplate\":\"https:\\\/\\\/creamycreation.com\\\/es\\\/?s={search_term_string}\"},\"query-input\":{\"@type\":\"PropertyValueSpecification\",\"valueRequired\":true,\"valueName\":\"search_term_string\"}}],\"inLanguage\":\"es\"},{\"@type\":\"Organization\",\"@id\":\"https:\\\/\\\/creamycreation.com\\\/es\\\/#organization\",\"name\":\"Creamy Creation\",\"url\":\"https:\\\/\\\/creamycreation.com\\\/es\\\/\",\"logo\":{\"@type\":\"ImageObject\",\"inLanguage\":\"es\",\"@id\":\"https:\\\/\\\/creamycreation.com\\\/es\\\/#\\\/schema\\\/logo\\\/image\\\/\",\"url\":\"https:\\\/\\\/creamycreation.com\\\/wp-content\\\/uploads\\\/2020\\\/09\\\/Creamy_Creation_Favicon.jpg\",\"contentUrl\":\"https:\\\/\\\/creamycreation.com\\\/wp-content\\\/uploads\\\/2020\\\/09\\\/Creamy_Creation_Favicon.jpg\",\"width\":686,\"height\":686,\"caption\":\"Creamy Creation\"},\"image\":{\"@id\":\"https:\\\/\\\/creamycreation.com\\\/es\\\/#\\\/schema\\\/logo\\\/image\\\/\"},\"sameAs\":[\"https:\\\/\\\/www.facebook.com\\\/CreamyCreationPage\"]}]}<\/script>\n<!-- \/ Yoast SEO plugin. -->","yoast_head_json":{"title":"Pol\u00edtica de cookies - Creamy Creation","robots":{"index":"index","follow":"follow","max-snippet":"max-snippet:-1","max-image-preview":"max-image-preview:large","max-video-preview":"max-video-preview:-1"},"canonical":"https:\/\/creamycreation.com\/es\/politica-de-cookies\/","og_locale":"es_ES","og_type":"article","og_title":"Pol\u00edtica de cookies - Creamy Creation","og_description":"Pol\u00edtica de galletas de creaci\u00f3n cremosa En Creamy Creation nos sentimos responsables de proteger sus datos y salvaguardar su privacidad....","og_url":"https:\/\/creamycreation.com\/es\/politica-de-cookies\/","og_site_name":"Creamy Creation","article_publisher":"https:\/\/www.facebook.com\/CreamyCreationPage","article_modified_time":"2021-05-13T14:10:19+00:00","twitter_card":"summary_large_image","twitter_misc":{"Tiempo de lectura":"6 minutos"},"schema":{"@context":"https:\/\/schema.org","@graph":[{"@type":"WebPage","@id":"https:\/\/creamycreation.com\/es\/politica-de-cookies\/","url":"https:\/\/creamycreation.com\/es\/politica-de-cookies\/","name":"Pol\u00edtica de cookies - Creamy Creation","isPartOf":{"@id":"https:\/\/creamycreation.com\/es\/#website"},"datePublished":"2020-11-05T14:50:18+00:00","dateModified":"2021-05-13T14:10:19+00:00","breadcrumb":{"@id":"https:\/\/creamycreation.com\/es\/politica-de-cookies\/#breadcrumb"},"inLanguage":"es","potentialAction":[{"@type":"ReadAction","target":["https:\/\/creamycreation.com\/es\/politica-de-cookies\/"]}]},{"@type":"BreadcrumbList","@id":"https:\/\/creamycreation.com\/es\/politica-de-cookies\/#breadcrumb","itemListElement":[{"@type":"ListItem","position":1,"name":"Home","item":"https:\/\/creamycreation.com\/es\/home\/"},{"@type":"ListItem","position":2,"name":"Pol\u00edtica de cookies"}]},{"@type":"WebSite","@id":"https:\/\/creamycreation.com\/es\/#website","url":"https:\/\/creamycreation.com\/es\/","name":"Creamy Creation","description":"Emulsified Beverage Solutions","publisher":{"@id":"https:\/\/creamycreation.com\/es\/#organization"},"potentialAction":[{"@type":"SearchAction","target":{"@type":"EntryPoint","urlTemplate":"https:\/\/creamycreation.com\/es\/?s={search_term_string}"},"query-input":{"@type":"PropertyValueSpecification","valueRequired":true,"valueName":"search_term_string"}}],"inLanguage":"es"},{"@type":"Organization","@id":"https:\/\/creamycreation.com\/es\/#organization","name":"Creamy Creation","url":"https:\/\/creamycreation.com\/es\/","logo":{"@type":"ImageObject","inLanguage":"es","@id":"https:\/\/creamycreation.com\/es\/#\/schema\/logo\/image\/","url":"https:\/\/creamycreation.com\/wp-content\/uploads\/2020\/09\/Creamy_Creation_Favicon.jpg","contentUrl":"https:\/\/creamycreation.com\/wp-content\/uploads\/2020\/09\/Creamy_Creation_Favicon.jpg","width":686,"height":686,"caption":"Creamy Creation"},"image":{"@id":"https:\/\/creamycreation.com\/es\/#\/schema\/logo\/image\/"},"sameAs":["https:\/\/www.facebook.com\/CreamyCreationPage"]}]}},"_links":{"self":[{"href":"https:\/\/creamycreation.com\/es\/wp-json\/wp\/v2\/pages\/2634","targetHints":{"allow":["GET"]}}],"collection":[{"href":"https:\/\/creamycreation.com\/es\/wp-json\/wp\/v2\/pages"}],"about":[{"href":"https:\/\/creamycreation.com\/es\/wp-json\/wp\/v2\/types\/page"}],"author":[{"embeddable":true,"href":"https:\/\/creamycreation.com\/es\/wp-json\/wp\/v2\/users\/1"}],"replies":[{"embeddable":true,"href":"https:\/\/creamycreation.com\/es\/wp-json\/wp\/v2\/comments?post=2634"}],"version-history":[{"count":0,"href":"https:\/\/creamycreation.com\/es\/wp-json\/wp\/v2\/pages\/2634\/revisions"}],"wp:attachment":[{"href":"https:\/\/creamycreation.com\/es\/wp-json\/wp\/v2\/media?parent=2634"}],"curies":[{"name":"wp","href":"https:\/\/api.w.org\/{rel}","templated":true}]}}