{"id":1544,"date":"2020-11-05T14:50:30","date_gmt":"2020-11-05T14:50:30","guid":{"rendered":"https:\/\/creamycreation.com\/disclaimer\/"},"modified":"2021-03-22T18:15:36","modified_gmt":"2021-03-22T18:15:36","slug":"disclaimer","status":"publish","type":"page","link":"https:\/\/creamycreation.com\/de\/disclaimer\/","title":{"rendered":"Haftungsausschluss"},"content":{"rendered":"<h2>Cremige Kreation Haftungsausschluss<\/h2>\n<p>Die auf der Website von Creamy Creation angebotenen Informationen wurden mit gro\u00dfer Sorgfalt zusammengestellt. Creamy Creation kann jedoch keine Haftung f\u00fcr irgendwelche Folgen, wie z.B. Sch\u00e4den oder Gewinnverluste, \u00fcbernehmen, die sich aus der Nutzung von, dem Vertrauen auf oder den Handlungen aufgrund von Informationen auf der Creamy Creation-Website ergeben. Creamy Creation bem\u00fcht sich, die Website st\u00e4ndig verf\u00fcgbar zu halten, kann aber keine Haftung f\u00fcr die Folgen einer (vor\u00fcbergehenden) Nichtverf\u00fcgbarkeit \u00fcbernehmen. Die geistigen Eigentumsrechte an dieser Website liegen bei Creamy Creation. Jegliche Verwendung von Informationen auf dieser Website, in welcher Form auch immer, ist ohne ausdr\u00fcckliche Genehmigung von Creamy Creation nicht gestattet.<\/p>\n","protected":false},"excerpt":{"rendered":"<p>Cremige Kreation Haftungsausschluss Die auf der Website von Creamy Creation angebotenen Informationen wurden mit gro\u00dfer Sorgfalt zusammengestellt. Creamy Creation kann&#8230;<\/p>\n","protected":false},"author":1,"featured_media":0,"parent":0,"menu_order":0,"comment_status":"closed","ping_status":"closed","template":"","meta":{"_acf_changed":false,"inline_featured_image":false,"footnotes":""},"class_list":["post-1544","page","type-page","status-publish","hentry"],"acf":[],"yoast_head":"<!-- This site is optimized with the Yoast SEO plugin v27.5 - https:\/\/yoast.com\/product\/yoast-seo-wordpress\/ -->\n<title>Haftungsausschluss - Creamy Creation<\/title>\n<meta name=\"robots\" content=\"index, follow, max-snippet:-1, max-image-preview:large, max-video-preview:-1\" \/>\n<link rel=\"canonical\" href=\"https:\/\/creamycreation.com\/de\/disclaimer\/\" \/>\n<meta property=\"og:locale\" content=\"de_DE\" \/>\n<meta property=\"og:type\" content=\"article\" \/>\n<meta property=\"og:title\" content=\"Haftungsausschluss - Creamy Creation\" \/>\n<meta property=\"og:description\" content=\"Cremige Kreation Haftungsausschluss Die auf der Website von Creamy Creation angebotenen Informationen wurden mit gro\u00dfer Sorgfalt zusammengestellt. Creamy Creation kann...\" \/>\n<meta property=\"og:url\" content=\"https:\/\/creamycreation.com\/de\/disclaimer\/\" \/>\n<meta property=\"og:site_name\" content=\"Creamy Creation\" \/>\n<meta property=\"article:publisher\" content=\"https:\/\/www.facebook.com\/CreamyCreationPage\" \/>\n<meta property=\"article:modified_time\" content=\"2021-03-22T18:15:36+00:00\" \/>\n<meta name=\"twitter:card\" content=\"summary_large_image\" \/>\n<meta name=\"twitter:label1\" content=\"Gesch\u00e4tzte Lesezeit\" \/>\n\t<meta name=\"twitter:data1\" content=\"1\u00a0Minute\" \/>\n<script type=\"application\/ld+json\" class=\"yoast-schema-graph\">{\"@context\":\"https:\\\/\\\/schema.org\",\"@graph\":[{\"@type\":\"WebPage\",\"@id\":\"https:\\\/\\\/creamycreation.com\\\/de\\\/disclaimer\\\/\",\"url\":\"https:\\\/\\\/creamycreation.com\\\/de\\\/disclaimer\\\/\",\"name\":\"Haftungsausschluss - Creamy Creation\",\"isPartOf\":{\"@id\":\"https:\\\/\\\/creamycreation.com\\\/de\\\/#website\"},\"datePublished\":\"2020-11-05T14:50:30+00:00\",\"dateModified\":\"2021-03-22T18:15:36+00:00\",\"breadcrumb\":{\"@id\":\"https:\\\/\\\/creamycreation.com\\\/de\\\/disclaimer\\\/#breadcrumb\"},\"inLanguage\":\"de\",\"potentialAction\":[{\"@type\":\"ReadAction\",\"target\":[\"https:\\\/\\\/creamycreation.com\\\/de\\\/disclaimer\\\/\"]}]},{\"@type\":\"BreadcrumbList\",\"@id\":\"https:\\\/\\\/creamycreation.com\\\/de\\\/disclaimer\\\/#breadcrumb\",\"itemListElement\":[{\"@type\":\"ListItem\",\"position\":1,\"name\":\"Home\",\"item\":\"https:\\\/\\\/creamycreation.com\\\/de\\\/home-2\\\/\"},{\"@type\":\"ListItem\",\"position\":2,\"name\":\"Haftungsausschluss\"}]},{\"@type\":\"WebSite\",\"@id\":\"https:\\\/\\\/creamycreation.com\\\/de\\\/#website\",\"url\":\"https:\\\/\\\/creamycreation.com\\\/de\\\/\",\"name\":\"Creamy Creation\",\"description\":\"Emulsified Beverage Solutions\",\"publisher\":{\"@id\":\"https:\\\/\\\/creamycreation.com\\\/de\\\/#organization\"},\"potentialAction\":[{\"@type\":\"SearchAction\",\"target\":{\"@type\":\"EntryPoint\",\"urlTemplate\":\"https:\\\/\\\/creamycreation.com\\\/de\\\/?s={search_term_string}\"},\"query-input\":{\"@type\":\"PropertyValueSpecification\",\"valueRequired\":true,\"valueName\":\"search_term_string\"}}],\"inLanguage\":\"de\"},{\"@type\":\"Organization\",\"@id\":\"https:\\\/\\\/creamycreation.com\\\/de\\\/#organization\",\"name\":\"Creamy Creation\",\"url\":\"https:\\\/\\\/creamycreation.com\\\/de\\\/\",\"logo\":{\"@type\":\"ImageObject\",\"inLanguage\":\"de\",\"@id\":\"https:\\\/\\\/creamycreation.com\\\/de\\\/#\\\/schema\\\/logo\\\/image\\\/\",\"url\":\"https:\\\/\\\/creamycreation.com\\\/wp-content\\\/uploads\\\/2020\\\/09\\\/Creamy_Creation_Favicon.jpg\",\"contentUrl\":\"https:\\\/\\\/creamycreation.com\\\/wp-content\\\/uploads\\\/2020\\\/09\\\/Creamy_Creation_Favicon.jpg\",\"width\":686,\"height\":686,\"caption\":\"Creamy Creation\"},\"image\":{\"@id\":\"https:\\\/\\\/creamycreation.com\\\/de\\\/#\\\/schema\\\/logo\\\/image\\\/\"},\"sameAs\":[\"https:\\\/\\\/www.facebook.com\\\/CreamyCreationPage\"]}]}<\/script>\n<!-- \/ Yoast SEO plugin. -->","yoast_head_json":{"title":"Haftungsausschluss - Creamy Creation","robots":{"index":"index","follow":"follow","max-snippet":"max-snippet:-1","max-image-preview":"max-image-preview:large","max-video-preview":"max-video-preview:-1"},"canonical":"https:\/\/creamycreation.com\/de\/disclaimer\/","og_locale":"de_DE","og_type":"article","og_title":"Haftungsausschluss - Creamy Creation","og_description":"Cremige Kreation Haftungsausschluss Die auf der Website von Creamy Creation angebotenen Informationen wurden mit gro\u00dfer Sorgfalt zusammengestellt. Creamy Creation kann...","og_url":"https:\/\/creamycreation.com\/de\/disclaimer\/","og_site_name":"Creamy Creation","article_publisher":"https:\/\/www.facebook.com\/CreamyCreationPage","article_modified_time":"2021-03-22T18:15:36+00:00","twitter_card":"summary_large_image","twitter_misc":{"Gesch\u00e4tzte Lesezeit":"1\u00a0Minute"},"schema":{"@context":"https:\/\/schema.org","@graph":[{"@type":"WebPage","@id":"https:\/\/creamycreation.com\/de\/disclaimer\/","url":"https:\/\/creamycreation.com\/de\/disclaimer\/","name":"Haftungsausschluss - Creamy Creation","isPartOf":{"@id":"https:\/\/creamycreation.com\/de\/#website"},"datePublished":"2020-11-05T14:50:30+00:00","dateModified":"2021-03-22T18:15:36+00:00","breadcrumb":{"@id":"https:\/\/creamycreation.com\/de\/disclaimer\/#breadcrumb"},"inLanguage":"de","potentialAction":[{"@type":"ReadAction","target":["https:\/\/creamycreation.com\/de\/disclaimer\/"]}]},{"@type":"BreadcrumbList","@id":"https:\/\/creamycreation.com\/de\/disclaimer\/#breadcrumb","itemListElement":[{"@type":"ListItem","position":1,"name":"Home","item":"https:\/\/creamycreation.com\/de\/home-2\/"},{"@type":"ListItem","position":2,"name":"Haftungsausschluss"}]},{"@type":"WebSite","@id":"https:\/\/creamycreation.com\/de\/#website","url":"https:\/\/creamycreation.com\/de\/","name":"Creamy Creation","description":"Emulsified Beverage Solutions","publisher":{"@id":"https:\/\/creamycreation.com\/de\/#organization"},"potentialAction":[{"@type":"SearchAction","target":{"@type":"EntryPoint","urlTemplate":"https:\/\/creamycreation.com\/de\/?s={search_term_string}"},"query-input":{"@type":"PropertyValueSpecification","valueRequired":true,"valueName":"search_term_string"}}],"inLanguage":"de"},{"@type":"Organization","@id":"https:\/\/creamycreation.com\/de\/#organization","name":"Creamy Creation","url":"https:\/\/creamycreation.com\/de\/","logo":{"@type":"ImageObject","inLanguage":"de","@id":"https:\/\/creamycreation.com\/de\/#\/schema\/logo\/image\/","url":"https:\/\/creamycreation.com\/wp-content\/uploads\/2020\/09\/Creamy_Creation_Favicon.jpg","contentUrl":"https:\/\/creamycreation.com\/wp-content\/uploads\/2020\/09\/Creamy_Creation_Favicon.jpg","width":686,"height":686,"caption":"Creamy Creation"},"image":{"@id":"https:\/\/creamycreation.com\/de\/#\/schema\/logo\/image\/"},"sameAs":["https:\/\/www.facebook.com\/CreamyCreationPage"]}]}},"_links":{"self":[{"href":"https:\/\/creamycreation.com\/de\/wp-json\/wp\/v2\/pages\/1544","targetHints":{"allow":["GET"]}}],"collection":[{"href":"https:\/\/creamycreation.com\/de\/wp-json\/wp\/v2\/pages"}],"about":[{"href":"https:\/\/creamycreation.com\/de\/wp-json\/wp\/v2\/types\/page"}],"author":[{"embeddable":true,"href":"https:\/\/creamycreation.com\/de\/wp-json\/wp\/v2\/users\/1"}],"replies":[{"embeddable":true,"href":"https:\/\/creamycreation.com\/de\/wp-json\/wp\/v2\/comments?post=1544"}],"version-history":[{"count":0,"href":"https:\/\/creamycreation.com\/de\/wp-json\/wp\/v2\/pages\/1544\/revisions"}],"wp:attachment":[{"href":"https:\/\/creamycreation.com\/de\/wp-json\/wp\/v2\/media?parent=1544"}],"curies":[{"name":"wp","href":"https:\/\/api.w.org\/{rel}","templated":true}]}}