{"id":1543,"date":"2020-11-05T14:50:18","date_gmt":"2020-11-05T14:50:18","guid":{"rendered":"https:\/\/creamycreation.com\/cookie-policy\/"},"modified":"2021-03-22T18:15:39","modified_gmt":"2021-03-22T18:15:39","slug":"cookie-policy","status":"publish","type":"page","link":"https:\/\/creamycreation.com\/de\/cookie-policy\/","title":{"rendered":"Cookie-Richtlinie"},"content":{"rendered":"<h2>Creamy Creation Cookie-Richtlinie<\/h2>\n<p>Wir von Creamy Creation f\u00fchlen uns dem Schutz Ihrer Daten und der Wahrung Ihrer Privatsph\u00e4re verpflichtet. Es ist uns wichtig, dass unsere Dienstleistungen transparent, pers\u00f6nlich und zuverl\u00e4ssig sind. Daher haben wir diese Cookie-Richtlinie von Creamy Creation entwickelt, um zu erkl\u00e4ren, warum wir Cookies verwenden und wie wir sie nutzen. Wir laden Sie ein, sich mit dieser Cookie-Richtlinie vertraut zu machen.<\/p>\n<p><strong>1. Wann gilt diese Cookie-Richtlinie?<\/strong><\/p>\n<p>Diese Cookie-Richtlinie gilt f\u00fcr alle Websites von Creamy Creation, die auf den niederl\u00e4ndischen Markt ausgerichtet sind und Cookies oder \u00e4hnliche Techniken enthalten. Mehr \u00fcber Creamy Creation, unsere B\u00fcros, unsere Marken und unsere Dienstleistungen erfahren Sie auf www.creamycreation.com. Weitere Details zu unseren Websites finden Sie im Kapitel \u201cWelche Cookies verwenden wir\u201d weiter unten.<\/p>\n<p><strong>2. Was sind Cookies?<\/strong><\/p>\n<p>Cookies sind kleine Datendateien, die Ihr Browser auf Ihrem Computer oder Ihrem mobilen Ger\u00e4t ablegt. Cookies helfen Ihrem Browser bei der Navigation auf unseren Websites.<br \/>\nEs gibt verschiedene Arten von Cookies, die von Cookies, die sich Ihre Spracheinstellungen merken, bis hin zu Werbe-Cookies reichen. Wir verwenden sie f\u00fcr eine Vielzahl von Zwecken. Einige der von uns verwendeten Cookies sind Sitzungs-Cookies und bleiben nur so lange bestehen, bis Sie Ihren Browser schlie\u00dfen, andere sind dauerhafte Cookies, die f\u00fcr einen l\u00e4ngeren Zeitraum auf Ihrem Computer gespeichert werden. Cookies selbst k\u00f6nnen keine Informationen sammeln, die auf Ihrem Computer gespeichert sind.<\/p>\n<p><strong>3. Warum verwenden wir Cookies?<\/strong><\/p>\n<p>Cookies helfen uns, unsere Websites zu verbessern. Wir verwenden Cookies, um mehr dar\u00fcber zu erfahren, wie Sie mit den Websites und Apps von Creamy Creation interagieren. Cookies merken sich z.B. den von Ihnen verwendeten Browsertyp und welche zus\u00e4tzliche Browsersoftware Sie installiert haben. Sie merken sich auch Ihre Pr\u00e4ferenzen, wie z. B. Sprache und Region, die als Standardeinstellungen erhalten bleiben, wenn Sie die Website erneut besuchen. Cookies erm\u00f6glichen es Ihnen auch, Seiten zu bewerten und Kommentarformulare auszuf\u00fcllen. Wir sind der Meinung, dass die von uns verwendeten Cookies Ihr Benutzererlebnis beim Besuch unserer Websites verbessern.<\/p>\n<p><strong>4. Welche Arten von Cookies verwenden wir?<\/strong><\/p>\n<p>Wir verwenden diese Arten von Cookies:<\/p>\n<p>a. Wesentliche Cookies: Diese Cookies sind f\u00fcr das Funktionieren unserer Websites und Apps unerl\u00e4sslich.<br \/>\nb. Funktionalit\u00e4ts-Cookies: Diese Cookies speichern Ihre Pr\u00e4ferenzen f\u00fcr eine Website, wie z. B. Spracheinstellung, Benutzernamen oder Warenkorb.<br \/>\nc. Performance-Cookies: Diese Cookies erfassen Website- und App-Nutzungsinformationen auf einer abstrakten Ebene und werden verwendet, um Analysen und Metriken zu liefern, wie z. B. die Anzahl der Besucher und welche Seiten am h\u00e4ufigsten aufgerufen werden. Zu diesen Cookies geh\u00f6rt Google Analytics (siehe auch unten).<br \/>\nd. Targeting- oder Werbe-Cookies: Diese Cookies werden verwendet, um Informationen \u00fcber die Browser-Gewohnheiten zu sammeln und k\u00f6nnen zur Anpassung von Werbung und Marketing verwendet werden. Bei diesen Cookies handelt es sich \u2013 in den meisten F\u00e4llen \u2013 um Drittanbieter-Cookies (siehe 6 unten).<\/p>\n<p>Soweit gesetzlich vorgeschrieben, werden wir Sie vor der Verwendung von Cookies um Ihre Zustimmung bitten.<\/p>\n<p><strong>5. Welche Cookies verwenden wir?<\/strong><\/p>\n<p>Die von uns verwendeten Cookies sind nicht f\u00fcr alle Websites gleich. Hier finden Sie die aktuelle Liste der Cookies, Domains, Zwecke und Aufbewahrungsfristen der von uns verwendeten Cookies.<\/p>\n<p>Die obige Liste wird regelm\u00e4\u00dfig aktualisiert, wir k\u00f6nnen jedoch keine Garantie f\u00fcr ihre Vollst\u00e4ndigkeit \u00fcbernehmen.<\/p>\n<p><strong>6. Verwenden wir Cookies von Drittanbietern?<\/strong><\/p>\n<p>Unsere Websites und Apps verwenden Cookies von Drittanbietern, wie Facebook, Google, Twitter und Addthis. Diese Dritten sind m\u00f6glicherweise in der Lage, Ihre Nutzung der Websites und Apps von Creamy Creation zu \u00fcberwachen. Wenn Sie z.B. auf die Social-Media-Buttons (z.B. Likes) klicken, werden einige Ihrer pers\u00f6nlichen Daten (wie Ihr Name und die Tatsache, dass Sie sich f\u00fcr unsere Produkte interessieren) auch f\u00fcr den Social-Media-Anbieter und f\u00fcr Besucher Ihrer pers\u00f6nlichen Social-Media-Seite sichtbar.<\/p>\n<p>Die Nutzung solcher Social-Media-Websites unterliegt den Bedingungen (einschlie\u00dflich der Datenschutzrichtlinie) der Social-Media-Plattform. Diese Cookie-Richtlinie gilt nicht f\u00fcr die Nutzung solcher Social-Media-Websites. Weitere Informationen zum Umgang mit Ihren personenbezogenen Daten, auch in Bezug auf Social-Media-Plattformen, finden Sie in den Datenschutzbestimmungen von Creamy Creation.<\/p>\n<p>Wir m\u00f6chten transparent sein und Sie ordnungsgem\u00e4\u00df \u00fcber die Cookies von Drittanbietern informieren, die durch den Besuch unserer Websites und die Nutzung unserer Apps gesetzt werden k\u00f6nnen. Hier finden Sie die aktuelle Liste der Cookies, Domains, Drittanbieter und Aufbewahrungsfristen:<\/p>\n<p>Die obige Liste wird regelm\u00e4\u00dfig aktualisiert, wir k\u00f6nnen jedoch keine Garantie f\u00fcr ihre Vollst\u00e4ndigkeit \u00fcbernehmen.<\/p>\n<p><strong>7. Wie k\u00f6nnen Sie Cookies ablehnen oder l\u00f6schen?<\/strong><\/p>\n<p>Es gibt mehrere M\u00f6glichkeiten, die Verwendung von Cookies auf Ihrem Ger\u00e4t auszuschlie\u00dfen oder zu minimieren.<br \/>\na. Soweit gesetzlich vorgeschrieben, werden wir Sie vor der Verwendung von Cookies um Ihre Zustimmung bitten. Es liegt an Ihnen, ob Sie annehmen oder ablehnen.<br \/>\nb. Sie k\u00f6nnen auch entscheiden, die von Creamy Creation oder den Websites von Drittanbietern gesetzten Cookies abzulehnen oder zu blockieren, indem Sie Ihre Browsereinstellungen \u00e4ndern. Weitere Informationen finden Sie in der Hilfefunktion Ihres Browsers.<br \/>\nc. Sie k\u00f6nnen unsere Google Analytics-Cookies deaktivieren, indem Sie dieses Add-on von Google in Ihrem Browser installieren: https:\/\/tools.google.com\/dlpage\/gaoptout?hl=nl<br \/>\nd. Sie k\u00f6nnen personalisierte Online-Werbung, die von verschiedenen Unternehmen, einschlie\u00dflich derer, deren Cookies von Dritten wir verwenden, geschaltet wird, deaktivieren, indem Sie www.youronlinechoices.com besuchen.<\/p>\n<p>Beachten Sie jedoch, dass bei Ablehnung der Verwendung von Cookies einige Funktionen unserer Websites m\u00f6glicherweise nicht korrekt funktionieren.<\/p>\n<p><strong>8. Kontakt<\/strong><\/p>\n<p>Wenn Sie Fragen zu dieser Cookie-Richtlinie oder den von unseren Websites verwendeten Cookies haben, lassen Sie es uns bitte wissen. Sie k\u00f6nnen uns kontaktieren, indem Sie auf den Kontakt-Link auf der Website klicken, die Sie zu dieser Cookie-Richtlinie weitergeleitet hat.<\/p>\n<p><strong>9. \u00c4nderungen an dieser Cookie-Richtlinie<\/strong><\/p>\n<p>Diese Cookie-Richtlinie kann sich gelegentlich \u00e4ndern, wenn sich neue Entwicklungen ergeben oder wenn sich unsere Cookies \u00e4ndern. Creamy Creation empfiehlt Ihnen, diese Cookie-Richtlinie regelm\u00e4\u00dfig zu lesen, um \u00fcber etwaige \u00c4nderungen auf dem Laufenden zu bleiben.<\/p>\n<p>Diese Cookie-Richtlinie wurde zuletzt am <strong>1. November 2019<\/strong> aktualisiert.<\/p>\n","protected":false},"excerpt":{"rendered":"<p>Creamy Creation Cookie-Richtlinie Wir von Creamy Creation f\u00fchlen uns dem Schutz Ihrer Daten und der Wahrung Ihrer Privatsph\u00e4re verpflichtet. Es&#8230;<\/p>\n","protected":false},"author":1,"featured_media":0,"parent":0,"menu_order":0,"comment_status":"closed","ping_status":"closed","template":"","meta":{"_acf_changed":false,"inline_featured_image":false,"footnotes":""},"class_list":["post-1543","page","type-page","status-publish","hentry"],"acf":[],"yoast_head":"<!-- This site is optimized with the Yoast SEO plugin v27.4 - https:\/\/yoast.com\/product\/yoast-seo-wordpress\/ -->\n<title>Cookie-Richtlinie - Creamy Creation<\/title>\n<meta name=\"robots\" content=\"index, follow, max-snippet:-1, max-image-preview:large, max-video-preview:-1\" \/>\n<link rel=\"canonical\" href=\"https:\/\/creamycreation.com\/de\/cookie-policy\/\" \/>\n<meta property=\"og:locale\" content=\"de_DE\" \/>\n<meta property=\"og:type\" content=\"article\" \/>\n<meta property=\"og:title\" content=\"Cookie-Richtlinie - Creamy Creation\" \/>\n<meta property=\"og:description\" content=\"Creamy Creation Cookie-Richtlinie Wir von Creamy Creation f\u00fchlen uns dem Schutz Ihrer Daten und der Wahrung Ihrer Privatsph\u00e4re verpflichtet. Es...\" \/>\n<meta property=\"og:url\" content=\"https:\/\/creamycreation.com\/de\/cookie-policy\/\" \/>\n<meta property=\"og:site_name\" content=\"Creamy Creation\" \/>\n<meta property=\"article:publisher\" content=\"https:\/\/www.facebook.com\/CreamyCreationPage\" \/>\n<meta property=\"article:modified_time\" content=\"2021-03-22T18:15:39+00:00\" \/>\n<meta name=\"twitter:card\" content=\"summary_large_image\" \/>\n<meta name=\"twitter:label1\" content=\"Gesch\u00e4tzte Lesezeit\" \/>\n\t<meta name=\"twitter:data1\" content=\"5\u00a0Minuten\" \/>\n<script type=\"application\/ld+json\" class=\"yoast-schema-graph\">{\"@context\":\"https:\\\/\\\/schema.org\",\"@graph\":[{\"@type\":\"WebPage\",\"@id\":\"https:\\\/\\\/creamycreation.com\\\/de\\\/cookie-policy\\\/\",\"url\":\"https:\\\/\\\/creamycreation.com\\\/de\\\/cookie-policy\\\/\",\"name\":\"Cookie-Richtlinie - Creamy Creation\",\"isPartOf\":{\"@id\":\"https:\\\/\\\/creamycreation.com\\\/de\\\/#website\"},\"datePublished\":\"2020-11-05T14:50:18+00:00\",\"dateModified\":\"2021-03-22T18:15:39+00:00\",\"breadcrumb\":{\"@id\":\"https:\\\/\\\/creamycreation.com\\\/de\\\/cookie-policy\\\/#breadcrumb\"},\"inLanguage\":\"de\",\"potentialAction\":[{\"@type\":\"ReadAction\",\"target\":[\"https:\\\/\\\/creamycreation.com\\\/de\\\/cookie-policy\\\/\"]}]},{\"@type\":\"BreadcrumbList\",\"@id\":\"https:\\\/\\\/creamycreation.com\\\/de\\\/cookie-policy\\\/#breadcrumb\",\"itemListElement\":[{\"@type\":\"ListItem\",\"position\":1,\"name\":\"Home\",\"item\":\"https:\\\/\\\/creamycreation.com\\\/de\\\/home-2\\\/\"},{\"@type\":\"ListItem\",\"position\":2,\"name\":\"Cookie-Richtlinie\"}]},{\"@type\":\"WebSite\",\"@id\":\"https:\\\/\\\/creamycreation.com\\\/de\\\/#website\",\"url\":\"https:\\\/\\\/creamycreation.com\\\/de\\\/\",\"name\":\"Creamy Creation\",\"description\":\"Emulsified Beverage Solutions\",\"publisher\":{\"@id\":\"https:\\\/\\\/creamycreation.com\\\/de\\\/#organization\"},\"potentialAction\":[{\"@type\":\"SearchAction\",\"target\":{\"@type\":\"EntryPoint\",\"urlTemplate\":\"https:\\\/\\\/creamycreation.com\\\/de\\\/?s={search_term_string}\"},\"query-input\":{\"@type\":\"PropertyValueSpecification\",\"valueRequired\":true,\"valueName\":\"search_term_string\"}}],\"inLanguage\":\"de\"},{\"@type\":\"Organization\",\"@id\":\"https:\\\/\\\/creamycreation.com\\\/de\\\/#organization\",\"name\":\"Creamy Creation\",\"url\":\"https:\\\/\\\/creamycreation.com\\\/de\\\/\",\"logo\":{\"@type\":\"ImageObject\",\"inLanguage\":\"de\",\"@id\":\"https:\\\/\\\/creamycreation.com\\\/de\\\/#\\\/schema\\\/logo\\\/image\\\/\",\"url\":\"https:\\\/\\\/creamycreation.com\\\/wp-content\\\/uploads\\\/2020\\\/09\\\/Creamy_Creation_Favicon.jpg\",\"contentUrl\":\"https:\\\/\\\/creamycreation.com\\\/wp-content\\\/uploads\\\/2020\\\/09\\\/Creamy_Creation_Favicon.jpg\",\"width\":686,\"height\":686,\"caption\":\"Creamy Creation\"},\"image\":{\"@id\":\"https:\\\/\\\/creamycreation.com\\\/de\\\/#\\\/schema\\\/logo\\\/image\\\/\"},\"sameAs\":[\"https:\\\/\\\/www.facebook.com\\\/CreamyCreationPage\"]}]}<\/script>\n<!-- \/ Yoast SEO plugin. -->","yoast_head_json":{"title":"Cookie-Richtlinie - Creamy Creation","robots":{"index":"index","follow":"follow","max-snippet":"max-snippet:-1","max-image-preview":"max-image-preview:large","max-video-preview":"max-video-preview:-1"},"canonical":"https:\/\/creamycreation.com\/de\/cookie-policy\/","og_locale":"de_DE","og_type":"article","og_title":"Cookie-Richtlinie - Creamy Creation","og_description":"Creamy Creation Cookie-Richtlinie Wir von Creamy Creation f\u00fchlen uns dem Schutz Ihrer Daten und der Wahrung Ihrer Privatsph\u00e4re verpflichtet. Es...","og_url":"https:\/\/creamycreation.com\/de\/cookie-policy\/","og_site_name":"Creamy Creation","article_publisher":"https:\/\/www.facebook.com\/CreamyCreationPage","article_modified_time":"2021-03-22T18:15:39+00:00","twitter_card":"summary_large_image","twitter_misc":{"Gesch\u00e4tzte Lesezeit":"5\u00a0Minuten"},"schema":{"@context":"https:\/\/schema.org","@graph":[{"@type":"WebPage","@id":"https:\/\/creamycreation.com\/de\/cookie-policy\/","url":"https:\/\/creamycreation.com\/de\/cookie-policy\/","name":"Cookie-Richtlinie - Creamy Creation","isPartOf":{"@id":"https:\/\/creamycreation.com\/de\/#website"},"datePublished":"2020-11-05T14:50:18+00:00","dateModified":"2021-03-22T18:15:39+00:00","breadcrumb":{"@id":"https:\/\/creamycreation.com\/de\/cookie-policy\/#breadcrumb"},"inLanguage":"de","potentialAction":[{"@type":"ReadAction","target":["https:\/\/creamycreation.com\/de\/cookie-policy\/"]}]},{"@type":"BreadcrumbList","@id":"https:\/\/creamycreation.com\/de\/cookie-policy\/#breadcrumb","itemListElement":[{"@type":"ListItem","position":1,"name":"Home","item":"https:\/\/creamycreation.com\/de\/home-2\/"},{"@type":"ListItem","position":2,"name":"Cookie-Richtlinie"}]},{"@type":"WebSite","@id":"https:\/\/creamycreation.com\/de\/#website","url":"https:\/\/creamycreation.com\/de\/","name":"Creamy Creation","description":"Emulsified Beverage Solutions","publisher":{"@id":"https:\/\/creamycreation.com\/de\/#organization"},"potentialAction":[{"@type":"SearchAction","target":{"@type":"EntryPoint","urlTemplate":"https:\/\/creamycreation.com\/de\/?s={search_term_string}"},"query-input":{"@type":"PropertyValueSpecification","valueRequired":true,"valueName":"search_term_string"}}],"inLanguage":"de"},{"@type":"Organization","@id":"https:\/\/creamycreation.com\/de\/#organization","name":"Creamy Creation","url":"https:\/\/creamycreation.com\/de\/","logo":{"@type":"ImageObject","inLanguage":"de","@id":"https:\/\/creamycreation.com\/de\/#\/schema\/logo\/image\/","url":"https:\/\/creamycreation.com\/wp-content\/uploads\/2020\/09\/Creamy_Creation_Favicon.jpg","contentUrl":"https:\/\/creamycreation.com\/wp-content\/uploads\/2020\/09\/Creamy_Creation_Favicon.jpg","width":686,"height":686,"caption":"Creamy Creation"},"image":{"@id":"https:\/\/creamycreation.com\/de\/#\/schema\/logo\/image\/"},"sameAs":["https:\/\/www.facebook.com\/CreamyCreationPage"]}]}},"_links":{"self":[{"href":"https:\/\/creamycreation.com\/de\/wp-json\/wp\/v2\/pages\/1543","targetHints":{"allow":["GET"]}}],"collection":[{"href":"https:\/\/creamycreation.com\/de\/wp-json\/wp\/v2\/pages"}],"about":[{"href":"https:\/\/creamycreation.com\/de\/wp-json\/wp\/v2\/types\/page"}],"author":[{"embeddable":true,"href":"https:\/\/creamycreation.com\/de\/wp-json\/wp\/v2\/users\/1"}],"replies":[{"embeddable":true,"href":"https:\/\/creamycreation.com\/de\/wp-json\/wp\/v2\/comments?post=1543"}],"version-history":[{"count":0,"href":"https:\/\/creamycreation.com\/de\/wp-json\/wp\/v2\/pages\/1543\/revisions"}],"wp:attachment":[{"href":"https:\/\/creamycreation.com\/de\/wp-json\/wp\/v2\/media?parent=1543"}],"curies":[{"name":"wp","href":"https:\/\/api.w.org\/{rel}","templated":true}]}}